{"id":2900,"date":"2024-10-31T04:52:28","date_gmt":"2024-10-31T07:52:28","guid":{"rendered":"https:\/\/dbtbrasil.com\/?post_type=product&#038;p=2900"},"modified":"2026-03-09T18:02:03","modified_gmt":"2026-03-09T21:02:03","slug":"programa-de-proficiencia-em-terapia-comportamental-dialetica-dbt","status":"publish","type":"product","link":"https:\/\/dbtbrasil.com\/en\/produto\/programa-de-proficiencia-em-terapia-comportamental-dialetica-dbt\/","title":{"rendered":"Programa de Profici\u00eancia em Terapia Comportamental Dial\u00e9tica (DBT)"},"content":{"rendered":"<div class=\"wpb-content-wrapper\"><p>[vc_row][vc_column width=&#8221;1\/2&#8243;]\t<style>\r\n\t\t<\/style>\r\n\t<div class=\"porto-content-box featured-boxes wpb_content_element  porto-content-box103847640 featured-boxes-style-1\" data-appear-animation=\"fadeInUp\"><div class=\"featured-box \" style=\"\"><div class=\"box-content\" style=\"\">[vc_single_image image=&#8221;418&#8243; img_size=&#8221;full&#8221;][vc_column_text css=&#8221;&#8221;]O Programa de Profici\u00eancia em DBT \u00e9 voltado \u00e0 psic\u00f3logos e psiquiatras com CRP ou CRM ativos, que conclu\u00edram com \u00eaxito com a Especializa\u00e7\u00e3o em DBT e que buscam se tornar proficientes na aplica\u00e7\u00e3o da abordagem.<\/p>\n<p>O curso \u00e9 ideal para profissionais que desejam aprimorar suas habilidades cl\u00ednicas e obter certifica\u00e7\u00e3o internacional.[\/vc_column_text]<\/div><\/div><\/div>\t<style>\r\n\t\t<\/style>\r\n\t<div class=\"porto-content-box featured-boxes wpb_content_element  porto-content-box427840950 featured-boxes-style-1\" data-appear-animation=\"fadeInUp\"><div class=\"featured-box \" style=\"\"><div class=\"box-content\" style=\"\">[vc_single_image image=&#8221;2913&#8243; img_size=&#8221;full&#8221; css=&#8221;&#8221;][vc_column_text css=&#8221;&#8221;]As inscri\u00e7\u00f5es para o Programa de Profici\u00eancia em DBT s\u00e3o realizadas de forma individual. Cada participante deve preencher o formul\u00e1rio de inscri\u00e7\u00e3o dispon\u00edvel no site da DBT Brasil, garantindo seu interesse e compromisso com o curso.[\/vc_column_text]<\/div><\/div><\/div>\t<style>\r\n\t\t<\/style>\r\n\t<div class=\"porto-content-box featured-boxes wpb_content_element  porto-content-box1646360594 featured-boxes-style-1\" data-appear-animation=\"fadeInUp\" data-appear-animation-delay=\"300\"><div class=\"featured-box \" style=\"\"><div class=\"box-content\" style=\"\">[vc_single_image image=&#8221;425&#8243; img_size=&#8221;full&#8221;][vc_column_text css=&#8221;&#8221;]O processo seletivo inclui a an\u00e1lise de curr\u00edculo e de uma carta de motiva\u00e7\u00e3o. Os candidatos ser\u00e3o selecionados com base em sua experi\u00eancia pr\u00e9via, compatibilidade com o programa e compromisso com o desenvolvimento profissional em DBT.[\/vc_column_text]<\/div><\/div><\/div>[\/vc_column][vc_column width=&#8221;1\/2&#8243;]\t<style>\r\n\t\t<\/style>\r\n\t<div class=\"porto-content-box featured-boxes wpb_content_element  porto-content-box910343973 featured-boxes-style-1\" data-appear-animation=\"fadeInUp\"><div class=\"featured-box \" style=\"\"><div class=\"box-content\" style=\"\">[vc_single_image image=&#8221;421&#8243; img_size=&#8221;full&#8221; animation_delay=&#8221;300&#8243;][vc_column_text css=&#8221;&#8221;]Este programa oferece uma abordagem completa e estruturada com treinamentos, supervis\u00f5es, workshops e avalia\u00e7\u00f5es, tudo de forma 100% online. Ao longo de dois anos , os participantes ter\u00e3o encontros mensais virtuais focados em aprofundar seus conhecimentos em DBT.[\/vc_column_text]<\/div><\/div><\/div>\t<style>\r\n\t\t<\/style>\r\n\t<div class=\"porto-content-box featured-boxes wpb_content_element  porto-content-box988429308 featured-boxes-style-1\" data-appear-animation=\"fadeInUp\" data-appear-animation-delay=\"300\"><div class=\"featured-box \" style=\"\"><div class=\"box-content\" style=\"\">[vc_single_image image=&#8221;2915&#8243; img_size=&#8221;full&#8221; css=&#8221;&#8221; animation_delay=&#8221;300&#8243;][vc_column_text css=&#8221;&#8221;][em breve][\/vc_column_text]<\/div><\/div><\/div>\t<style>\r\n\t\t<\/style>\r\n\t<div class=\"porto-content-box featured-boxes wpb_content_element  porto-content-box1549200457 featured-boxes-style-1\" data-appear-animation=\"fadeInUp\" data-appear-animation-delay=\"300\"><div class=\"featured-box \" style=\"\"><div class=\"box-content\" style=\"\">[vc_single_image image=&#8221;424&#8243; img_size=&#8221;full&#8221;][vc_column_text css=&#8221;&#8221;][em breve][\/vc_column_text]<\/div><\/div><\/div>[\/vc_column][\/vc_row][vc_row css=&#8221;.vc_custom_1658433282276{padding-bottom: 10px !important;background-color: #ffffff !important;}&#8221;][vc_column]\t<style>\r\n\t\t<\/style>\r\n\t<div class=\"porto-content-box featured-boxes wpb_content_element  porto-content-box549540654 featured-boxes-style-1\" data-appear-animation=\"fadeInUp\"><div class=\"featured-box  align-left\" style=\"\"><div class=\"box-content\" style=\"\">[vc_single_image image=&#8221;6833&#8243; img_size=&#8221;561&#215;107&#8243; css=&#8221;&#8221;][vc_basic_grid post_type=&#8221;treinadoresdbt&#8221; max_items=&#8221;-1&#8243; element_width=&#8221;2&#8243; gap=&#8221;15&#8243; orderby=&#8221;menu_order&#8221; order=&#8221;ASC&#8221; item=&#8221;722&#8243; css=&#8221;&#8221; grid_id=&#8221;vc_gid:1773089982053-adcd4f40-2880-4&#8243; taxonomies=&#8221;504&#8243; exclude=&#8221;1271, 1259&#8243;]<\/div><\/div><\/div>[\/vc_column][\/vc_row]<\/p>\n<\/div>","protected":false},"excerpt":{"rendered":"<p>O Programa de Profici\u00eancia em Terapia Comportamental Dial\u00e9tica (DBT) \u00e9 uma forma\u00e7\u00e3o completa e avan\u00e7ada, projetada para capacitar profissionais da sa\u00fade mental a dominar a aplica\u00e7\u00e3o da DBT.<\/p>\n<p>Com foco no desenvolvimento de compet\u00eancias t\u00e9cnicas e pr\u00e1ticas, o curso prepara os participantes para atuar com excel\u00eancia na terapia, al\u00e9m de proporcionar a qualifica\u00e7\u00e3o necess\u00e1ria para a certifica\u00e7\u00e3o internacional na \u00e1rea.<\/p>\n","protected":false},"featured_media":3059,"template":"","meta":{"_acf_changed":false,"_links_to":"","_links_to_target":""},"product_brand":[],"product_cat":[313,342],"product_tag":[332,333,331],"class_list":{"0":"post-2900","1":"product","2":"type-product","3":"status-publish","4":"has-post-thumbnail","6":"product_cat-cursos-e-treinamentos","7":"product_cat-em-breve","8":"product_tag-dbt-brasil","9":"product_tag-transtorno-borderrline","10":"product_tag-treinamento-em-dbt","12":"first","13":"instock","14":"featured","15":"virtual","16":"product-type-simple"},"acf":[],"_links":{"self":[{"href":"https:\/\/dbtbrasil.com\/en\/wp-json\/wp\/v2\/product\/2900","targetHints":{"allow":["GET"]}}],"collection":[{"href":"https:\/\/dbtbrasil.com\/en\/wp-json\/wp\/v2\/product"}],"about":[{"href":"https:\/\/dbtbrasil.com\/en\/wp-json\/wp\/v2\/types\/product"}],"wp:featuredmedia":[{"embeddable":true,"href":"https:\/\/dbtbrasil.com\/en\/wp-json\/wp\/v2\/media\/3059"}],"wp:attachment":[{"href":"https:\/\/dbtbrasil.com\/en\/wp-json\/wp\/v2\/media?parent=2900"}],"wp:term":[{"taxonomy":"product_brand","embeddable":true,"href":"https:\/\/dbtbrasil.com\/en\/wp-json\/wp\/v2\/product_brand?post=2900"},{"taxonomy":"product_cat","embeddable":true,"href":"https:\/\/dbtbrasil.com\/en\/wp-json\/wp\/v2\/product_cat?post=2900"},{"taxonomy":"product_tag","embeddable":true,"href":"https:\/\/dbtbrasil.com\/en\/wp-json\/wp\/v2\/product_tag?post=2900"}],"curies":[{"name":"wp","href":"https:\/\/api.w.org\/{rel}","templated":true}]}}