{"id":2901,"date":"2024-10-31T05:15:13","date_gmt":"2024-10-31T08:15:13","guid":{"rendered":"https:\/\/dbtbrasil.com\/?post_type=product&#038;p=2901"},"modified":"2026-03-09T18:01:25","modified_gmt":"2026-03-09T21:01:25","slug":"formacao-em-terapia-comportamental-dialetica-dbt","status":"publish","type":"product","link":"https:\/\/dbtbrasil.com\/en\/produto\/formacao-em-terapia-comportamental-dialetica-dbt\/","title":{"rendered":"Forma\u00e7\u00e3o em Terapia Comportamental Dial\u00e9tica (DBT)"},"content":{"rendered":"<div class=\"wpb-content-wrapper\"><p>[vc_row][vc_column width=&#8221;1\/2&#8243;]\t<style>\r\n\t\t<\/style>\r\n\t<div class=\"porto-content-box featured-boxes wpb_content_element  porto-content-box1127434190 featured-boxes-style-1\" data-appear-animation=\"fadeInUp\"><div class=\"featured-box \" style=\"\"><div class=\"box-content\" style=\"\">[vc_single_image image=&#8221;418&#8243; img_size=&#8221;full&#8221;][vc_column_text css=&#8221;&#8221;]A Forma\u00e7\u00e3o em DBT foi desenvolvida para psic\u00f3logos e psiquiatras que desejam expandir seu conhecimento e pr\u00e1tica da DBT. A forma\u00e7\u00e3o \u00e9 ideal para aqueles que j\u00e1 possuem experi\u00eancia em sa\u00fade mental e que est\u00e3o em busca de uma metodologia comprovada para o tratamento de pacientes com transtornos emocionais severos.[\/vc_column_text]<\/div><\/div><\/div>\t<style>\r\n\t\t<\/style>\r\n\t<div class=\"porto-content-box featured-boxes wpb_content_element  porto-content-box1959453494 featured-boxes-style-1\" data-appear-animation=\"fadeInUp\"><div class=\"featured-box \" style=\"\"><div class=\"box-content\" style=\"\">[vc_single_image image=&#8221;2913&#8243; img_size=&#8221;full&#8221; css=&#8221;&#8221;][vc_column_text css=&#8221;&#8221;]As inscri\u00e7\u00f5es s\u00e3o abertas de forma individual para garantir que cada participante receba a devida aten\u00e7\u00e3o e suporte durante o curso. N\u00e3o \u00e9 necess\u00e1rio fazer parte de uma equipe, tornando a forma\u00e7\u00e3o acess\u00edvel a profissionais de diversos perfis.[\/vc_column_text]<\/div><\/div><\/div>\t<style>\r\n\t\t<\/style>\r\n\t<div class=\"porto-content-box featured-boxes wpb_content_element  porto-content-box1646839105 featured-boxes-style-1\" data-appear-animation=\"fadeInUp\" data-appear-animation-delay=\"300\"><div class=\"featured-box \" style=\"\"><div class=\"box-content\" style=\"\">[vc_single_image image=&#8221;425&#8243; img_size=&#8221;full&#8221;][vc_column_text css=&#8221;&#8221;]N\u00e3o h\u00e1 processo seletivo para a inscri\u00e7\u00e3o neste curso. Todos os profissionais que cumprirem os pr\u00e9-requisitos est\u00e3o automaticamente aptos a participar.[\/vc_column_text]<\/div><\/div><\/div>[\/vc_column][vc_column width=&#8221;1\/2&#8243;]\t<style>\r\n\t\t<\/style>\r\n\t<div class=\"porto-content-box featured-boxes wpb_content_element  porto-content-box2144807625 featured-boxes-style-1\" data-appear-animation=\"fadeInUp\"><div class=\"featured-box \" style=\"\"><div class=\"box-content\" style=\"\">[vc_single_image image=&#8221;421&#8243; img_size=&#8221;full&#8221; animation_delay=&#8221;300&#8243;][vc_column_text css=&#8221;&#8221;]O curso \u00e9 oferecido de forma 100% online, proporcionando flexibilidade para que os profissionais possam participar de qualquer lugar do Brasil. Aulas ao vivo, estudos de caso e supervis\u00f5es fazem parte da metodologia, garantindo uma experi\u00eancia interativa e enriquecedora para todos os participantes![\/vc_column_text]<\/div><\/div><\/div>\t<style>\r\n\t\t<\/style>\r\n\t<div class=\"porto-content-box featured-boxes wpb_content_element  porto-content-box788280772 featured-boxes-style-1\" data-appear-animation=\"fadeInUp\" data-appear-animation-delay=\"300\"><div class=\"featured-box \" style=\"\"><div class=\"box-content\" style=\"\">[vc_single_image image=&#8221;2915&#8243; img_size=&#8221;full&#8221; css=&#8221;&#8221; animation_delay=&#8221;300&#8243;][vc_column_text css=&#8221;&#8221;][em breve][\/vc_column_text]<\/div><\/div><\/div>\t<style>\r\n\t\t<\/style>\r\n\t<div class=\"porto-content-box featured-boxes wpb_content_element  porto-content-box1819089630 featured-boxes-style-1\" data-appear-animation=\"fadeInUp\" data-appear-animation-delay=\"300\"><div class=\"featured-box \" style=\"\"><div class=\"box-content\" style=\"\">[vc_single_image image=&#8221;2926&#8243; img_size=&#8221;full&#8221; css=&#8221;&#8221; animation_delay=&#8221;300&#8243;][vc_column_text css=&#8221;&#8221;]Para participar da Forma\u00e7\u00e3o em DBT, \u00e9 exigida a comprova\u00e7\u00e3o da gradua\u00e7\u00e3o em psicologia ou medicina, com especializa\u00e7\u00e3o em psiquiatria.<\/p>\n<p>A apresenta\u00e7\u00e3o desse documento \u00e9 um pr\u00e9-requisito obrigat\u00f3rio para assegurar que todos os inscritos possuam o conhecimento b\u00e1sico necess\u00e1rio para acompanhar o curso.[\/vc_column_text]<\/div><\/div><\/div>\t<style>\r\n\t\t<\/style>\r\n\t<div class=\"porto-content-box featured-boxes wpb_content_element  porto-content-box1148726050 featured-boxes-style-1\" data-appear-animation=\"fadeInUp\" data-appear-animation-delay=\"300\"><div class=\"featured-box \" style=\"\"><div class=\"box-content\" style=\"\">[vc_single_image image=&#8221;424&#8243; img_size=&#8221;full&#8221;][vc_column_text css=&#8221;&#8221;][em breve][\/vc_column_text]<\/div><\/div><\/div>[\/vc_column][\/vc_row][vc_row css=&#8221;.vc_custom_1658433282276{padding-bottom: 10px !important;background-color: #ffffff !important;}&#8221;][vc_column]\t<style>\r\n\t\t<\/style>\r\n\t<div class=\"porto-content-box featured-boxes wpb_content_element  porto-content-box1394439310 featured-boxes-style-1\" data-appear-animation=\"fadeInUp\"><div class=\"featured-box  align-left\" style=\"\"><div class=\"box-content\" style=\"\">[vc_single_image image=&#8221;6833&#8243; img_size=&#8221;561&#215;107&#8243; css=&#8221;&#8221;][vc_basic_grid post_type=&#8221;treinadoresdbt&#8221; max_items=&#8221;-1&#8243; element_width=&#8221;2&#8243; gap=&#8221;15&#8243; orderby=&#8221;menu_order&#8221; order=&#8221;ASC&#8221; item=&#8221;722&#8243; css=&#8221;&#8221; grid_id=&#8221;vc_gid:1773089965327-65497d46-4a50-9&#8243; taxonomies=&#8221;504&#8243; exclude=&#8221;1271, 1259&#8243;]<\/div><\/div><\/div>[\/vc_column][\/vc_row]<\/p>\n<\/div>","protected":false},"excerpt":{"rendered":"<p>A Forma\u00e7\u00e3o em Terapia Comportamental Dial\u00e9tica (DBT) oferece uma capacita\u00e7\u00e3o robusta para profissionais interessados em aprimorar suas habilidades. O curso traz uma imers\u00e3o completa nos fundamentos da DBT, com o objetivo de habilitar os participantes a aplicarem essa abordagem em seus contextos cl\u00ednicos de maneira eficaz e \u00e9tica.<\/p>\n","protected":false},"featured_media":3057,"template":"","meta":{"_acf_changed":false,"_links_to":"","_links_to_target":""},"product_brand":[],"product_cat":[313,342],"product_tag":[332,333,331],"class_list":{"0":"post-2901","1":"product","2":"type-product","3":"status-publish","4":"has-post-thumbnail","6":"product_cat-cursos-e-treinamentos","7":"product_cat-em-breve","8":"product_tag-dbt-brasil","9":"product_tag-transtorno-borderrline","10":"product_tag-treinamento-em-dbt","12":"first","13":"instock","14":"featured","15":"virtual","16":"product-type-simple"},"acf":[],"_links":{"self":[{"href":"https:\/\/dbtbrasil.com\/en\/wp-json\/wp\/v2\/product\/2901","targetHints":{"allow":["GET"]}}],"collection":[{"href":"https:\/\/dbtbrasil.com\/en\/wp-json\/wp\/v2\/product"}],"about":[{"href":"https:\/\/dbtbrasil.com\/en\/wp-json\/wp\/v2\/types\/product"}],"wp:featuredmedia":[{"embeddable":true,"href":"https:\/\/dbtbrasil.com\/en\/wp-json\/wp\/v2\/media\/3057"}],"wp:attachment":[{"href":"https:\/\/dbtbrasil.com\/en\/wp-json\/wp\/v2\/media?parent=2901"}],"wp:term":[{"taxonomy":"product_brand","embeddable":true,"href":"https:\/\/dbtbrasil.com\/en\/wp-json\/wp\/v2\/product_brand?post=2901"},{"taxonomy":"product_cat","embeddable":true,"href":"https:\/\/dbtbrasil.com\/en\/wp-json\/wp\/v2\/product_cat?post=2901"},{"taxonomy":"product_tag","embeddable":true,"href":"https:\/\/dbtbrasil.com\/en\/wp-json\/wp\/v2\/product_tag?post=2901"}],"curies":[{"name":"wp","href":"https:\/\/api.w.org\/{rel}","templated":true}]}}