{"id":2903,"date":"2024-10-31T05:45:11","date_gmt":"2024-10-31T08:45:11","guid":{"rendered":"https:\/\/dbtbrasil.com\/?post_type=product&#038;p=2903"},"modified":"2026-03-09T18:01:20","modified_gmt":"2026-03-09T21:01:20","slug":"especializacao-em-dbt","status":"publish","type":"product","link":"https:\/\/dbtbrasil.com\/en\/produto\/especializacao-em-dbt\/","title":{"rendered":"Especializa\u00e7\u00e3o em DBT"},"content":{"rendered":"<div class=\"wpb-content-wrapper\"><p>[vc_row][vc_column width=&#8221;1\/2&#8243;]\t<style>\r\n\t\t<\/style>\r\n\t<div class=\"porto-content-box featured-boxes wpb_content_element  porto-content-box1105373642 featured-boxes-style-1\" data-appear-animation=\"fadeInUp\"><div class=\"featured-box \" style=\"\"><div class=\"box-content\" style=\"\">[vc_single_image image=&#8221;418&#8243; img_size=&#8221;full&#8221;][vc_column_text css=&#8221;&#8221;]Psic\u00f3logos, psiquiatras e outros profissionais da sa\u00fade mental que j\u00e1 atuam ou desejam atuar com casos de alta complexidade emocional, transtornos de personalidade, comportamentos autolesivos, idea\u00e7\u00e3o suicida, impulsividade, entre outras condi\u00e7\u00f5es relacionadas \u00e0 desregula\u00e7\u00e3o emocional.[\/vc_column_text]<\/div><\/div><\/div>\t<style>\r\n\t\t<\/style>\r\n\t<div class=\"porto-content-box featured-boxes wpb_content_element  porto-content-box137997146 featured-boxes-style-1\" data-appear-animation=\"fadeInUp\" data-appear-animation-delay=\"300\"><div class=\"featured-box \" style=\"\"><div class=\"box-content\" style=\"\">[vc_single_image image=&#8221;2915&#8243; img_size=&#8221;full&#8221; css=&#8221;&#8221;][vc_column_text css=&#8221;&#8221;]<\/p>\n<ul>\n<li>M\u00f3dulo 1: Introdu\u00e7\u00e3o e bases filos\u00f3ficas<\/li>\n<li>M\u00f3dulo 2: Fundamentos da DBT<\/li>\n<li>M\u00f3dulo 3: Avalia\u00e7\u00e3o e planejamento<\/li>\n<li>M\u00f3dulo 4: Interven\u00e7\u00f5es espec\u00edficas<\/li>\n<li>M\u00f3dulo 5: habilidades centrais<\/li>\n<li>M\u00f3dulo 6: Estrat\u00e9gias e estilos de interven\u00e7\u00e3o<\/li>\n<li>M\u00f3dulo 7: Popula\u00e7\u00f5es espec\u00edficas<\/li>\n<li>M\u00f3dulo 8: Neurobiologia e transtornos relacionados<\/li>\n<li>M\u00f3dulo 9: Aplica\u00e7\u00e3o em diferentes contextos<\/li>\n<li>M\u00f3dulo 10: Compet\u00eancias e desenvolvimento profissional<\/li>\n<li>M\u00f3dulo 11: Fechamento<\/li>\n<\/ul>\n<p>[\/vc_column_text][vc_btn title=&#8221;Confira a grade completa&#8221; style=&#8221;custom&#8221; custom_background=&#8221;#0fc04c&#8221; custom_text=&#8221;#ffffff&#8221; css=&#8221;&#8221; link=&#8221;url:https%3A%2F%2Fwww.ctcvedacursos.com%2Fdbt25&#8243;]<\/div><\/div><\/div>\t<style>\r\n\t\t<\/style>\r\n\t<div class=\"porto-content-box featured-boxes wpb_content_element  porto-content-box1832588758 featured-boxes-style-1\" data-appear-animation=\"fadeInUp\"><div class=\"featured-box \" style=\"\"><div class=\"box-content\" style=\"\">[vc_single_image image=&#8221;2926&#8243; img_size=&#8221;full&#8221; css=&#8221;&#8221; animation_delay=&#8221;300&#8243;][vc_column_text css=&#8221;&#8221;]Por se tratar de uma especializa\u00e7\u00e3o, \u00e9 necess\u00e1rio que o(a) candidato(a) tenha forma\u00e7\u00e3o superior completa na \u00e1rea da sa\u00fade mental e familiaridade com a abordagem comportamental. Experi\u00eancia cl\u00ednica \u00e9 recomendada.<\/p>\n<p>N\u00e3o \u00e9 necess\u00e1rio ter forma\u00e7\u00e3o pr\u00e9via em DBT, mas o comprometimento com os estudos te\u00f3ricos e pr\u00e1ticos ser\u00e1 essencial.[\/vc_column_text]<\/div><\/div><\/div>\t<style>\r\n\t\t<\/style>\r\n\t<div class=\"porto-content-box featured-boxes wpb_content_element  porto-content-box1942601569 featured-boxes-style-1\" data-appear-animation=\"fadeInUp\"><div class=\"featured-box \" style=\"\"><div class=\"box-content\" style=\"\">[vc_single_image image=&#8221;1527&#8243; img_size=&#8221;full&#8221; css=&#8221;&#8221; animation_delay=&#8221;300&#8243;][vc_column_text css=&#8221;&#8221;]A sele\u00e7\u00e3o dos participantes ser\u00e1 feita com base na an\u00e1lise do curr\u00edculo, carta de motiva\u00e7\u00e3o e disponibilidade para participa\u00e7\u00e3o ativa nas atividades propostas. Entrevistas poder\u00e3o ser realizadas em caso de necessidade.[\/vc_column_text]<\/div><\/div><\/div>[\/vc_column][vc_column width=&#8221;1\/2&#8243;]\t<style>\r\n\t\t<\/style>\r\n\t<div class=\"porto-content-box featured-boxes wpb_content_element  porto-content-box1387082803 featured-boxes-style-1\" data-appear-animation=\"fadeInUp\" data-appear-animation-delay=\"300\"><div class=\"featured-box \" style=\"\"><div class=\"box-content\" style=\"\">[vc_single_image image=&#8221;422&#8243; img_size=&#8221;full&#8221; css=&#8221;&#8221;][vc_column_text css=&#8221;&#8221;]\u200bOs encontros acontecem uma vez por m\u00eas. Na sexta-feira, o hor\u00e1rio \u00e9 das 08 \u00e0s 18 horas, e no s\u00e1bado, das 08 \u00e0s 18 horas, com os devidos intervalos para descanso e almo\u00e7o.<\/p>\n<p>A especializa\u00e7\u00e3o ainda conta com materiais complementares, f\u00f3runs de discuss\u00e3o e acesso \u00e0s grava\u00e7\u00f5es das aulas.[\/vc_column_text]<\/div><\/div><\/div>\t<style>\r\n\t\t<\/style>\r\n\t<div class=\"porto-content-box featured-boxes wpb_content_element  porto-content-box1910530319 featured-boxes-style-1\" data-appear-animation=\"fadeInUp\"><div class=\"featured-box \" style=\"\"><div class=\"box-content\" style=\"\">[vc_single_image image=&#8221;2913&#8243; img_size=&#8221;full&#8221; css=&#8221;&#8221;][vc_column_text css=&#8221;&#8221;]As inscri\u00e7\u00f5es devem ser feitas exclusivamente online, por meio do site do CTC Veda, parceiro da DBT Brasil. Os candidatos devem preencher o formul\u00e1rio de inscri\u00e7\u00e3o, anexar os documentos solicitados e aguardar a an\u00e1lise da equipe organizadora.[\/vc_column_text][vc_btn title=&#8221;Matricule-se agora&#8221; style=&#8221;custom&#8221; custom_background=&#8221;#0fc04c&#8221; custom_text=&#8221;#ffffff&#8221; css=&#8221;&#8221; link=&#8221;url:https%3A%2F%2Fwww.ctcvedacursos.com%2Fdbt25&#8243;]<\/div><\/div><\/div>\t<style>\r\n\t\t<\/style>\r\n\t<div class=\"porto-content-box featured-boxes wpb_content_element  porto-content-box258819896 featured-boxes-style-1\" data-appear-animation=\"fadeInUp\" data-appear-animation-delay=\"300\"><div class=\"featured-box \" style=\"\"><div class=\"box-content\" style=\"\">[vc_single_image image=&#8221;424&#8243; img_size=&#8221;full&#8221;][vc_column_text css=&#8221;&#8221;]<strong>Pagamentos de 1\u00ba de maio a 30 de junho de 2025<\/strong><\/p>\n<p>Mensalidade: 12 parcelas<br \/>\nR$ 750,00 ao m\u00eas<\/p>\n<p><strong>Taxas<br \/>\n<\/strong>Taxa de Inscri\u00e7\u00e3o: R$ 100,00<br \/>\nMatr\u00edcula: R$ 600,00<\/p>\n<p><strong>Pagamentos ap\u00f3s 01\/07\/2025\u200b\u200b\u200b<\/strong><\/p>\n<p>Mensalidade: 12 parcelas<br \/>\nTotal: R$ 850,00 ao m\u00eas<\/p>\n<p><strong>Taxas<\/strong><br \/>\nTaxa de Inscri\u00e7\u00e3o: R$ 100,00<br \/>\nTaxa de Matr\u00edcula: R$ 600,00<\/p>\n<p>*A vaga \u00e9 considerada reservada apenas quando o aluno efetuar o pagamento da taxa de inscri\u00e7\u00e3o dentro dos respectivos prazos indicados. Os descontos propostos em cada um dos itens acima s\u00e3o excludentes e conferidos ao aluno que tiver sua inscri\u00e7\u00e3o realizada dentro do prazo exposto.[\/vc_column_text]<\/div><\/div><\/div>[\/vc_column][\/vc_row][vc_row css=&#8221;.vc_custom_1658433282276{padding-bottom: 10px !important;background-color: #ffffff !important;}&#8221;][vc_column]\t<style>\r\n\t\t<\/style>\r\n\t<div class=\"porto-content-box featured-boxes wpb_content_element  porto-content-box368928141 featured-boxes-style-1\" data-appear-animation=\"fadeInUp\"><div class=\"featured-box  align-left\" style=\"\"><div class=\"box-content\" style=\"\">[vc_single_image image=&#8221;6833&#8243; img_size=&#8221;561&#215;107&#8243; css=&#8221;&#8221;][vc_basic_grid post_type=&#8221;treinadoresdbt&#8221; max_items=&#8221;-1&#8243; element_width=&#8221;2&#8243; gap=&#8221;15&#8243; orderby=&#8221;menu_order&#8221; order=&#8221;ASC&#8221; item=&#8221;722&#8243; css=&#8221;&#8221; grid_id=&#8221;vc_gid:1773089943871-74c0e7e4-1e67-4&#8243; taxonomies=&#8221;504&#8243; exclude=&#8221;1271, 1259&#8243;]<\/div><\/div><\/div>[\/vc_column][\/vc_row]<\/p>\n<\/div>","protected":false},"excerpt":{"rendered":"<p>A Especializa\u00e7\u00e3o em DBT \u00e9 uma forma\u00e7\u00e3o aprofundada e completa para profissionais da sa\u00fade mental que desejam se especializar em Terapia Comportamental Dial\u00e9tica.<\/p>\n<p>O curso foi projetado para fornecer uma base s\u00f3lida em todos os aspectos da DBT \u2013 desde a teoria at\u00e9 a pr\u00e1tica cl\u00ednica \u2013 capacitando os participantes a utilizarem essa abordagem de maneira eficaz no tratamento de diversos transtornos emocionais.<\/p>\n","protected":false},"featured_media":3055,"template":"","meta":{"_acf_changed":false,"_links_to":"","_links_to_target":""},"product_brand":[],"product_cat":[313,342],"product_tag":[332,333,331],"class_list":{"0":"post-2903","1":"product","2":"type-product","3":"status-publish","4":"has-post-thumbnail","6":"product_cat-cursos-e-treinamentos","7":"product_cat-em-breve","8":"product_tag-dbt-brasil","9":"product_tag-transtorno-borderrline","10":"product_tag-treinamento-em-dbt","12":"first","13":"instock","14":"featured","15":"virtual","16":"product-type-simple"},"acf":[],"_links":{"self":[{"href":"https:\/\/dbtbrasil.com\/en\/wp-json\/wp\/v2\/product\/2903","targetHints":{"allow":["GET"]}}],"collection":[{"href":"https:\/\/dbtbrasil.com\/en\/wp-json\/wp\/v2\/product"}],"about":[{"href":"https:\/\/dbtbrasil.com\/en\/wp-json\/wp\/v2\/types\/product"}],"wp:featuredmedia":[{"embeddable":true,"href":"https:\/\/dbtbrasil.com\/en\/wp-json\/wp\/v2\/media\/3055"}],"wp:attachment":[{"href":"https:\/\/dbtbrasil.com\/en\/wp-json\/wp\/v2\/media?parent=2903"}],"wp:term":[{"taxonomy":"product_brand","embeddable":true,"href":"https:\/\/dbtbrasil.com\/en\/wp-json\/wp\/v2\/product_brand?post=2903"},{"taxonomy":"product_cat","embeddable":true,"href":"https:\/\/dbtbrasil.com\/en\/wp-json\/wp\/v2\/product_cat?post=2903"},{"taxonomy":"product_tag","embeddable":true,"href":"https:\/\/dbtbrasil.com\/en\/wp-json\/wp\/v2\/product_tag?post=2903"}],"curies":[{"name":"wp","href":"https:\/\/api.w.org\/{rel}","templated":true}]}}