{"id":2907,"date":"2024-10-31T06:09:34","date_gmt":"2024-10-31T09:09:34","guid":{"rendered":"https:\/\/dbtbrasil.com\/?post_type=product&#038;p=2907"},"modified":"2026-03-09T18:00:53","modified_gmt":"2026-03-09T21:00:53","slug":"curso-dbt-em-acao-estrategias-para-ansiedade-vergonha-e-raiva","status":"publish","type":"product","link":"https:\/\/dbtbrasil.com\/en\/produto\/curso-dbt-em-acao-estrategias-para-ansiedade-vergonha-e-raiva\/","title":{"rendered":"Curso &#8220;DBT em a\u00e7\u00e3o: estrat\u00e9gias para ansiedade, vergonha e raiva&#8221;"},"content":{"rendered":"<div class=\"wpb-content-wrapper\"><p>[vc_row][vc_column width=&#8221;1\/2&#8243;]\t<style>\r\n\t\t<\/style>\r\n\t<div class=\"porto-content-box featured-boxes wpb_content_element  porto-content-box1007543246 featured-boxes-style-1\" data-appear-animation=\"fadeInUp\"><div class=\"featured-box \" style=\"\"><div class=\"box-content\" style=\"\">[vc_single_image image=&#8221;418&#8243; img_size=&#8221;full&#8221;][vc_column_text css=&#8221;&#8221;]O curso &#8220;DBT em A\u00e7\u00e3o: estrat\u00e9gias para ansiedade, vergonha e raiva&#8221; \u00e9 voltado a psic\u00f3logos e psiquiatras interessados em aprimorar suas habilidades no tratamento de emo\u00e7\u00f5es desafiadoras. Seja voc\u00ea um profissional iniciante na DBT ou j\u00e1 familiarizado com a abordagem, este curso oferece ferramentas pr\u00e1ticas para aplica\u00e7\u00e3o imediata.[\/vc_column_text]<\/div><\/div><\/div>\t<style>\r\n\t\t<\/style>\r\n\t<div class=\"porto-content-box featured-boxes wpb_content_element  porto-content-box513090106 featured-boxes-style-1\" data-appear-animation=\"fadeInUp\"><div class=\"featured-box \" style=\"\"><div class=\"box-content\" style=\"\">[vc_single_image image=&#8221;2913&#8243; img_size=&#8221;full&#8221; css=&#8221;&#8221;][vc_column_text css=&#8221;&#8221;]As inscri\u00e7\u00f5es s\u00e3o realizadas de forma individual, e n\u00e3o h\u00e1 necessidade de formar grupos para participa\u00e7\u00e3o. Basta entrar em contato com a equipe da DBT Brasil e garantir a sua vaga![\/vc_column_text]<\/div><\/div><\/div>\t<style>\r\n\t\t<\/style>\r\n\t<div class=\"porto-content-box featured-boxes wpb_content_element  porto-content-box1653848713 featured-boxes-style-1\" data-appear-animation=\"fadeInUp\" data-appear-animation-delay=\"300\"><div class=\"featured-box \" style=\"\"><div class=\"box-content\" style=\"\">[vc_single_image image=&#8221;425&#8243; img_size=&#8221;full&#8221;][vc_column_text css=&#8221;&#8221;]N\u00e3o h\u00e1 processo seletivo. Todos os profissionais de sa\u00fade mental que se inscreverem e atenderem aos pr\u00e9-requisitos m\u00ednimos poder\u00e3o participar do curso.[\/vc_column_text]<\/div><\/div><\/div>[\/vc_column][vc_column width=&#8221;1\/2&#8243;]\t<style>\r\n\t\t<\/style>\r\n\t<div class=\"porto-content-box featured-boxes wpb_content_element  porto-content-box539680099 featured-boxes-style-1\" data-appear-animation=\"fadeInUp\"><div class=\"featured-box \" style=\"\"><div class=\"box-content\" style=\"\">[vc_single_image image=&#8221;421&#8243; img_size=&#8221;full&#8221; animation_delay=&#8221;300&#8243;][vc_column_text css=&#8221;&#8221;]O curso \u00e9 realizado em uma sess\u00e3o e de forma totalmente online, oferecendo flexibilidade para os participantes assistirem \u00e0s aulas de onde estiverem. Inclui v\u00eddeos ao vivo, materiais de apoio e momentos de intera\u00e7\u00e3o com o instrutor.[\/vc_column_text]<\/div><\/div><\/div>\t<style>\r\n\t\t<\/style>\r\n\t<div class=\"porto-content-box featured-boxes wpb_content_element  porto-content-box112687423 featured-boxes-style-1\" data-appear-animation=\"fadeInUp\" data-appear-animation-delay=\"300\"><div class=\"featured-box \" style=\"\"><div class=\"box-content\" style=\"\">[vc_single_image image=&#8221;2926&#8243; img_size=&#8221;full&#8221; css=&#8221;&#8221;][vc_column_text css=&#8221;&#8221;]Nenhuma prepara\u00e7\u00e3o espec\u00edfica \u00e9 exigida para participar do curso. O conte\u00fado foi desenvolvido para ser acess\u00edvel a todos os profissionais de sa\u00fade mental, independente do n\u00edvel de experi\u00eancia com a DBT.[\/vc_column_text]<\/div><\/div><\/div>\t<style>\r\n\t\t<\/style>\r\n\t<div class=\"porto-content-box featured-boxes wpb_content_element  porto-content-box325060362 featured-boxes-style-1\" data-appear-animation=\"fadeInUp\" data-appear-animation-delay=\"300\"><div class=\"featured-box \" style=\"\"><div class=\"box-content\" style=\"\">[vc_single_image image=&#8221;2915&#8243; img_size=&#8221;full&#8221; css=&#8221;&#8221;][vc_column_text css=&#8221;&#8221;]O curso aborda estrat\u00e9gias pr\u00e1ticas de DBT para lidar com emo\u00e7\u00f5es complexas como ansiedade, vergonha e raiva, al\u00e9m de discutir casos cl\u00ednicos e t\u00e9cnicas para implementa\u00e7\u00e3o em diferentes contextos terap\u00eauticos.[\/vc_column_text]<\/div><\/div><\/div>\t<style>\r\n\t\t<\/style>\r\n\t<div class=\"porto-content-box featured-boxes wpb_content_element  porto-content-box1499852998 featured-boxes-style-1\" data-appear-animation=\"fadeInUp\" data-appear-animation-delay=\"300\"><div class=\"featured-box \" style=\"\"><div class=\"box-content\" style=\"\">[vc_single_image image=&#8221;424&#8243; img_size=&#8221;full&#8221;][vc_column_text css=&#8221;&#8221;]<strong>Lote 1:<\/strong> R$ 900,00 | Para inscri\u00e7\u00f5es feitas at\u00e9 30 de novembro de 2024<br \/>\n<strong>Lote 2:<\/strong> R$ 1.000,00 | Para inscri\u00e7\u00f5es feitas at\u00e9 30 de mar\u00e7o de 2025<br \/>\n<strong>Lote 3:<\/strong> R$ 1.100,00 | Para inscri\u00e7\u00f5es feitas at\u00e9 15 de junho de 2025[\/vc_column_text]<\/div><\/div><\/div>[\/vc_column][\/vc_row][vc_row css=&#8221;.vc_custom_1658433282276{padding-bottom: 10px !important;background-color: #ffffff !important;}&#8221;][vc_column]\t<style>\r\n\t\t<\/style>\r\n\t<div class=\"porto-content-box featured-boxes wpb_content_element  porto-content-box1408486006 featured-boxes-style-1\" data-appear-animation=\"fadeInUp\"><div class=\"featured-box  align-left\" style=\"\"><div class=\"box-content\" style=\"\">[vc_single_image image=&#8221;6833&#8243; img_size=&#8221;561&#215;107&#8243; css=&#8221;&#8221;][vc_basic_grid post_type=&#8221;treinadoresdbt&#8221; max_items=&#8221;-1&#8243; element_width=&#8221;2&#8243; gap=&#8221;15&#8243; orderby=&#8221;menu_order&#8221; order=&#8221;ASC&#8221; item=&#8221;722&#8243; css=&#8221;&#8221; grid_id=&#8221;vc_gid:1773089924223-afce35a2-cbf9-4&#8243; taxonomies=&#8221;504&#8243; exclude=&#8221;1271, 1259&#8243;]<\/div><\/div><\/div>[\/vc_column][\/vc_row]<\/p>\n<\/div>","protected":false},"excerpt":{"rendered":"<p>O curso &#8220;DBT em a\u00e7\u00e3o: estrat\u00e9gias para ansiedade, vergonha e raiva&#8221;, conduzido por Alex Chapman, \u00e9 uma oportunidade \u00fanica de aprendizado avan\u00e7ado em DBT, explorando como a abordagem pode ser aplicada para tratar emo\u00e7\u00f5es desafiadoras no contexto terap\u00eautico.<\/p>\n<p>Chapman \u2013 refer\u00eancia internacional em DBT \u2013 combina teoria, estudos de caso e pr\u00e1ticas interativas para fornecer ferramentas concretas e eficazes, auxiliando os terapeutas a melhorar a qualidade do atendimento aos seus pacientes.<\/p>\n","protected":false},"featured_media":3053,"template":"","meta":{"_acf_changed":false,"_links_to":"","_links_to_target":""},"product_brand":[],"product_cat":[313],"product_tag":[332,333,331],"class_list":{"0":"post-2907","1":"product","2":"type-product","3":"status-publish","4":"has-post-thumbnail","6":"product_cat-cursos-e-treinamentos","7":"product_tag-dbt-brasil","8":"product_tag-transtorno-borderrline","9":"product_tag-treinamento-em-dbt","11":"first","12":"instock","13":"virtual","14":"purchasable","15":"product-type-simple"},"acf":[],"_links":{"self":[{"href":"https:\/\/dbtbrasil.com\/en\/wp-json\/wp\/v2\/product\/2907","targetHints":{"allow":["GET"]}}],"collection":[{"href":"https:\/\/dbtbrasil.com\/en\/wp-json\/wp\/v2\/product"}],"about":[{"href":"https:\/\/dbtbrasil.com\/en\/wp-json\/wp\/v2\/types\/product"}],"wp:featuredmedia":[{"embeddable":true,"href":"https:\/\/dbtbrasil.com\/en\/wp-json\/wp\/v2\/media\/3053"}],"wp:attachment":[{"href":"https:\/\/dbtbrasil.com\/en\/wp-json\/wp\/v2\/media?parent=2907"}],"wp:term":[{"taxonomy":"product_brand","embeddable":true,"href":"https:\/\/dbtbrasil.com\/en\/wp-json\/wp\/v2\/product_brand?post=2907"},{"taxonomy":"product_cat","embeddable":true,"href":"https:\/\/dbtbrasil.com\/en\/wp-json\/wp\/v2\/product_cat?post=2907"},{"taxonomy":"product_tag","embeddable":true,"href":"https:\/\/dbtbrasil.com\/en\/wp-json\/wp\/v2\/product_tag?post=2907"}],"curies":[{"name":"wp","href":"https:\/\/api.w.org\/{rel}","templated":true}]}}