{"id":3101,"date":"2024-11-29T20:36:52","date_gmt":"2024-11-29T23:36:52","guid":{"rendered":"https:\/\/dbtbrasil.com\/?post_type=product&#038;p=3101"},"modified":"2026-03-09T18:01:08","modified_gmt":"2026-03-09T21:01:08","slug":"seminarios-avancados-em-dbt","status":"publish","type":"product","link":"https:\/\/dbtbrasil.com\/en\/produto\/seminarios-avancados-em-dbt\/","title":{"rendered":"Semin\u00e1rios Avan\u00e7ados em DBT"},"content":{"rendered":"<div class=\"wpb-content-wrapper\"><p>[vc_row][vc_column width=&#8221;1\/2&#8243;]\t<style>\r\n\t\t<\/style>\r\n\t<div class=\"porto-content-box featured-boxes wpb_content_element  porto-content-box1821424430 featured-boxes-style-1\" data-appear-animation=\"fadeInUp\"><div class=\"featured-box \" style=\"\"><div class=\"box-content\" style=\"\">[vc_single_image image=&#8221;418&#8243; img_size=&#8221;full&#8221;][vc_column_text css=&#8221;&#8221;]O curso \u00e9 destinado a psic\u00f3logos, psiquiatras, terapeutas e profissionais de sa\u00fade mental interessados em aprofundar seus conhecimentos em DBT e aplicar t\u00e9cnicas avan\u00e7adas de mudan\u00e7a em seus atendimentos cl\u00ednicos.[\/vc_column_text]<\/div><\/div><\/div>\t<style>\r\n\t\t<\/style>\r\n\t<div class=\"porto-content-box featured-boxes wpb_content_element  porto-content-box1289445378 featured-boxes-style-1\" data-appear-animation=\"fadeInUp\"><div class=\"featured-box \" style=\"\"><div class=\"box-content\" style=\"\">[vc_single_image image=&#8221;2913&#8243; img_size=&#8221;full&#8221; css=&#8221;&#8221;][vc_column_text css=&#8221;&#8221;]As inscri\u00e7\u00f5es para os Semin\u00e1rios Avan\u00e7ados em DBT devem ser feitas de forma individual, permitindo que cada participante receba acompanhamento personalizado ao longo do processo.[\/vc_column_text]<\/div><\/div><\/div>[\/vc_column][vc_column width=&#8221;1\/2&#8243;]\t<style>\r\n\t\t<\/style>\r\n\t<div class=\"porto-content-box featured-boxes wpb_content_element  porto-content-box1647368464 featured-boxes-style-1\" data-appear-animation=\"fadeInUp\"><div class=\"featured-box \" style=\"\"><div class=\"box-content\" style=\"\">[vc_single_image image=&#8221;421&#8243; img_size=&#8221;full&#8221; animation_delay=&#8221;300&#8243;][vc_column_text css=&#8221;&#8221;]O curso ser\u00e1 realizado de forma online, com acesso posterior a grava\u00e7\u00f5es, materiais complementares e instrumentos de apoio pr\u00e1tico para o dia a dia cl\u00ednico, como apresenta\u00e7\u00f5es de slides e textos especializados.[\/vc_column_text]<\/div><\/div><\/div>\t<style>\r\n\t\t<\/style>\r\n\t<div class=\"porto-content-box featured-boxes wpb_content_element  porto-content-box1915038651 featured-boxes-style-1\" data-appear-animation=\"fadeInUp\" data-appear-animation-delay=\"300\"><div class=\"featured-box \" style=\"\"><div class=\"box-content\" style=\"\">[vc_single_image image=&#8221;425&#8243; img_size=&#8221;full&#8221;][vc_column_text css=&#8221;&#8221;]N\u00e3o h\u00e1 processo seletivo para a inscri\u00e7\u00e3o neste curso. Todos os profissionais de sa\u00fade mental da DBT est\u00e3o automaticamente aptos a participar.[\/vc_column_text]<\/div><\/div><\/div>\t<style>\r\n\t\t<\/style>\r\n\t<div class=\"porto-content-box featured-boxes wpb_content_element  porto-content-box1662464508 featured-boxes-style-1\" data-appear-animation=\"fadeInUp\" data-appear-animation-delay=\"300\"><div class=\"featured-box \" style=\"\"><div class=\"box-content\" style=\"\">[vc_single_image image=&#8221;424&#8243; img_size=&#8221;full&#8221;][vc_column_text css=&#8221;&#8221;]At\u00e9 31 de dezembro de 2024: R$ 1.585,00<br \/>\nAt\u00e9 20 de janeiro de 2025: R$ 1.785,00<br \/>\nAp\u00f3s 21 de janeiro de 2025: R$ 1.985,00[\/vc_column_text]<\/div><\/div><\/div>[\/vc_column][\/vc_row][vc_row disable_element=&#8221;yes&#8221; css=&#8221;.vc_custom_1730361730756{padding-bottom: 10px !important;background-color: #ffffff !important;}&#8221; conditional_render=&#8221;%5B%7B%22value_role%22%3A%22administrator%22%7D%5D&#8221;][vc_column]\t<style>\r\n\t\t<\/style>\r\n\t<div class=\"porto-content-box featured-boxes wpb_content_element  porto-content-box1158721613 featured-boxes-style-1\" data-appear-animation=\"fadeInUp\"><div class=\"featured-box  align-left\" style=\"\"><div class=\"box-content\" style=\"\">[vc_single_image image=&#8221;1555&#8243; img_size=&#8221;full&#8221;][vc_basic_grid post_type=&#8221;treinadoresdbt&#8221; max_items=&#8221;-1&#8243; element_width=&#8221;2&#8243; gap=&#8221;15&#8243; orderby=&#8221;menu_order&#8221; order=&#8221;ASC&#8221; item=&#8221;722&#8243; css=&#8221;&#8221; grid_id=&#8221;vc_gid:1773089747372-9a80056e-de6a-7&#8243; taxonomies=&#8221;80&#8243;]<\/div><\/div><\/div>[\/vc_column][\/vc_row][vc_row css=&#8221;.vc_custom_1658433282276{padding-bottom: 10px !important;background-color: #ffffff !important;}&#8221;][vc_column]\t<style>\r\n\t\t<\/style>\r\n\t<div class=\"porto-content-box featured-boxes wpb_content_element  porto-content-box2018077398 featured-boxes-style-1\" data-appear-animation=\"fadeInUp\"><div class=\"featured-box  align-left\" style=\"\"><div class=\"box-content\" style=\"\">[vc_single_image image=&#8221;6833&#8243; img_size=&#8221;561&#215;107&#8243; css=&#8221;&#8221;][vc_basic_grid post_type=&#8221;treinadoresdbt&#8221; max_items=&#8221;-1&#8243; element_width=&#8221;2&#8243; gap=&#8221;15&#8243; orderby=&#8221;menu_order&#8221; order=&#8221;ASC&#8221; item=&#8221;722&#8243; css=&#8221;&#8221; grid_id=&#8221;vc_gid:1773089849681-127e8c85-fa2b-0&#8243; taxonomies=&#8221;504&#8243; exclude=&#8221;1271, 1259&#8243;]<\/div><\/div><\/div>[\/vc_column][\/vc_row]<\/p>\n<\/div>","protected":false},"excerpt":{"rendered":"<p>Os Semin\u00e1rios Avan\u00e7ados em DBT s\u00e3o voltados para a capacita\u00e7\u00e3o de terapeutas que desejam aprofundar suas habilidades no uso das tecnologias de mudan\u00e7a da Terapia Comportamental Dial\u00e9tica (DBT).<\/p>\n<p>Com uma metodologia ativa e focada na pr\u00e1tica cl\u00ednica, o curso aborda aspectos te\u00f3ricos, pr\u00e1ticos e vivenciais, capacitando os participantes a customizar interven\u00e7\u00f5es conforme as necessidades de cada paciente e contexto.<\/p>\n","protected":false},"featured_media":3102,"template":"","meta":{"_acf_changed":false,"_links_to":"","_links_to_target":""},"product_brand":[],"product_cat":[313],"product_tag":[332,333,331],"class_list":{"0":"post-3101","1":"product","2":"type-product","3":"status-publish","4":"has-post-thumbnail","6":"product_cat-cursos-e-treinamentos","7":"product_tag-dbt-brasil","8":"product_tag-transtorno-borderrline","9":"product_tag-treinamento-em-dbt","11":"first","12":"instock","13":"virtual","14":"purchasable","15":"product-type-simple"},"acf":[],"_links":{"self":[{"href":"https:\/\/dbtbrasil.com\/en\/wp-json\/wp\/v2\/product\/3101","targetHints":{"allow":["GET"]}}],"collection":[{"href":"https:\/\/dbtbrasil.com\/en\/wp-json\/wp\/v2\/product"}],"about":[{"href":"https:\/\/dbtbrasil.com\/en\/wp-json\/wp\/v2\/types\/product"}],"wp:featuredmedia":[{"embeddable":true,"href":"https:\/\/dbtbrasil.com\/en\/wp-json\/wp\/v2\/media\/3102"}],"wp:attachment":[{"href":"https:\/\/dbtbrasil.com\/en\/wp-json\/wp\/v2\/media?parent=3101"}],"wp:term":[{"taxonomy":"product_brand","embeddable":true,"href":"https:\/\/dbtbrasil.com\/en\/wp-json\/wp\/v2\/product_brand?post=3101"},{"taxonomy":"product_cat","embeddable":true,"href":"https:\/\/dbtbrasil.com\/en\/wp-json\/wp\/v2\/product_cat?post=3101"},{"taxonomy":"product_tag","embeddable":true,"href":"https:\/\/dbtbrasil.com\/en\/wp-json\/wp\/v2\/product_tag?post=3101"}],"curies":[{"name":"wp","href":"https:\/\/api.w.org\/{rel}","templated":true}]}}