{"id":6731,"date":"2025-11-05T16:38:12","date_gmt":"2025-11-05T19:38:12","guid":{"rendered":"https:\/\/dbtbrasil.com\/?post_type=product&#038;p=6731"},"modified":"2026-03-09T17:59:19","modified_gmt":"2026-03-09T20:59:19","slug":"dbt-5d-imersao-cinco-dimensoes","status":"publish","type":"product","link":"https:\/\/dbtbrasil.com\/en\/produto\/dbt-5d-imersao-cinco-dimensoes\/","title":{"rendered":"DBT 5D &#8211; Mergulho em Cinco Dimens\u00f5es da Pr\u00e1tica Dial\u00e9tica"},"content":{"rendered":"<div class=\"wpb-content-wrapper\"><p>[vc_row][vc_column width=&#8221;1\/2&#8243;]\t<style>\r\n\t\t<\/style>\r\n\t<div class=\"porto-content-box featured-boxes wpb_content_element  porto-content-box31745080 featured-boxes-style-1\" data-appear-animation=\"fadeInUp\"><div class=\"featured-box \" style=\"\"><div class=\"box-content\" style=\"\">[vc_single_image image=&#8221;418&#8243; img_size=&#8221;full&#8221;][vc_column_text css=&#8221;&#8221;]Psic\u00f3logos, psiquiatras, terapeutas, residentes e estudantes do \u00faltimo ano de Psicologia que desejam aprofundar-se na abordagem dial\u00e9tica e ampliar sua capacidade de manejo de casos complexos e de alto risco.[\/vc_column_text]<\/div><\/div><\/div>\t<style>\r\n\t\t<\/style>\r\n\t<div class=\"porto-content-box featured-boxes wpb_content_element  porto-content-box2044869199 featured-boxes-style-1\" data-appear-animation=\"fadeInUp\"><div class=\"featured-box \" style=\"\"><div class=\"box-content\" style=\"\">[vc_single_image image=&#8221;2913&#8243; img_size=&#8221;full&#8221; css=&#8221;&#8221;][vc_column_text css=&#8221;&#8221;]As inscri\u00e7\u00f5es para o DBT 5D &#8211; Mergulho em Cinco Dimens\u00f5es da Pr\u00e1tica Dial\u00e9tica s\u00e3o feitas de forma individual, permitindo que cada participante receba acompanhamento personalizado ao longo do processo.<\/p>\n<p><strong>Garanta sua vaga no DBT 5D e aprofunde sua pr\u00e1tica cl\u00ednica com uma forma\u00e7\u00e3o completa e vivencial. <\/strong>A inscri\u00e7\u00e3o ser\u00e1 confirmada mediante pagamento.[\/vc_column_text]<\/div><\/div><\/div>\t<style>\r\n\t\t<\/style>\r\n\t<div class=\"porto-content-box featured-boxes wpb_content_element  porto-content-box68584785 featured-boxes-style-1\" data-appear-animation=\"fadeInUp\" data-appear-animation-delay=\"300\"><div class=\"featured-box \" style=\"\"><div class=\"box-content\" style=\"\">[vc_single_image image=&#8221;425&#8243; img_size=&#8221;full&#8221;][vc_column_text css=&#8221;&#8221;]O processo de inscri\u00e7\u00e3o inclui a an\u00e1lise de um question\u00e1rio preenchido pelo candidato no ato da inscri\u00e7\u00e3o. Este question\u00e1rio ajuda a nossa equipe a entender o n\u00edvel de experi\u00eancia e o contexto profissional de cada participante, garantindo que o treinamento atenda \u00e0s necessidades espec\u00edficas de cada um.[\/vc_column_text]<\/div><\/div><\/div>[\/vc_column][vc_column width=&#8221;1\/2&#8243;]\t<style>\r\n\t\t<\/style>\r\n\t<div class=\"porto-content-box featured-boxes wpb_content_element  porto-content-box154497754 featured-boxes-style-1\" data-appear-animation=\"fadeInUp\"><div class=\"featured-box \" style=\"\"><div class=\"box-content\" style=\"\">[vc_single_image image=&#8221;421&#8243; img_size=&#8221;full&#8221; animation_delay=&#8221;300&#8243;][vc_column_text css=&#8221;&#8221;]<strong>Formato:<\/strong> Te\u00f3rico-vivencial (online)<br \/>\n<strong>Dura\u00e7\u00e3o:<\/strong> 5 s\u00e1bados consecutivos<br \/>\n<strong>Datas:<\/strong> 21 e 28 de Fevereiro, 07, 21 e 28 de Mar\u00e7o<br \/>\n<strong>Hor\u00e1rio: 9h00 \u00e0s 17h00<\/strong> (com pausa para almo\u00e7o)<br \/>\n<strong>Carga hor\u00e1ria total:<\/strong> 40 horas<br \/>\n<strong>Certifica\u00e7\u00e3o:<\/strong> DBT Brasil[\/vc_column_text]<\/div><\/div><\/div>\t<style>\r\n\t\t<\/style>\r\n\t<div class=\"porto-content-box featured-boxes wpb_content_element  porto-content-box587617346 featured-boxes-style-1\" data-appear-animation=\"fadeInUp\" data-appear-animation-delay=\"300\"><div class=\"featured-box \" style=\"\"><div class=\"box-content\" style=\"\">[vc_single_image image=&#8221;424&#8243; img_size=&#8221;full&#8221;][vc_column_text css=&#8221;&#8221;]<strong>Inscri\u00e7\u00e3o individual:<\/strong> R$ 2.200,00<br \/>\n<strong>Grupo (a partir de 3 pessoas):<\/strong> R$ 1.900,00 por pessoa<br \/>\n<strong>Ex-alunos DBT Brasil:<\/strong> R$ 1.800,00<\/p>\n<p><strong>Parcelamento em at\u00e9 6x sem juros.<\/strong><\/p>\n<blockquote>\n<p>H\u00e1 possibilidade de apoio institucional e financiamento coletivo, com benef\u00edcios como presen\u00e7a de logo em materiais oficiais e descontos em outros treinamentos da DBT Brasil (Treinamento Intensivo e DBT-PE).<\/p>\n<\/blockquote>\n<p><strong>Informa\u00e7\u00f5es<\/strong><\/p>\n<p><strong>E-mail:<\/strong> dbtbrasil@dbtbrasil.com | diretoria@dbtbrasil.com<br \/>\n<strong>Instagram:<\/strong> @dbtbrasiloficial[\/vc_column_text]<\/div><\/div><\/div>\t<style>\r\n\t\t<\/style>\r\n\t<div class=\"porto-content-box featured-boxes wpb_content_element  porto-content-box1099596006 featured-boxes-style-1\" data-appear-animation=\"fadeInUp\" data-appear-animation-delay=\"300\"><div class=\"featured-box \" style=\"\"><div class=\"box-content\" style=\"\">[vc_single_image image=&#8221;2915&#8243; img_size=&#8221;full&#8221; css=&#8221;&#8221;][vc_column_text css=&#8221;&#8221;]As cinco dimens\u00f5es do programa foram desenhadas para integrar teoria, pr\u00e1tica deliberada e viv\u00eancia cl\u00ednica:<\/p>\n<p><b>1\u00aa Dimens\u00e3o: Bases Te\u00f3rico-Filos\u00f3ficas da DBT<\/b><\/p>\n<ul>\n<li>Fundamentos te\u00f3ricos e filos\u00f3ficos da DBT.<\/li>\n<li>Teoria biossocial e compreens\u00e3o da desregula\u00e7\u00e3o emocional.<\/li>\n<li>Fun\u00e7\u00f5es b\u00e1sicas e modos de tratamento em DBT.<\/li>\n<li>N\u00edveis de desordem, est\u00e1gios de tratamento e alvos.<\/li>\n<li>Operacionaliza\u00e7\u00e3o dos princ\u00edpios norteadores no pr\u00e9-tratamento.<\/li>\n<li>Protocolo para lidar com comportamentos suicidas.<\/li>\n<\/ul>\n<p><b>2\u00aa Dimens\u00e3o: A Viv\u00eancia das Habilidades da DBT<\/b><\/p>\n<ul>\n<li>Treinos vivenciais de Mindfulness, Efetividade Interpessoal, Regula\u00e7\u00e3o Emocional e Toler\u00e2ncia ao Mal-Estar.<\/li>\n<li>Pr\u00e1tica deliberada de habilidades terap\u00eauticas.<\/li>\n<\/ul>\n<p><b>3\u00aa Dimens\u00e3o: A Arte da Interven\u00e7\u00e3o I: Estrat\u00e9gias Terap\u00eauticas e Formula\u00e7\u00e3o de Caso<\/b><\/p>\n<ul>\n<li>Formula\u00e7\u00e3o de caso em DBT: da teoria \u00e0 pr\u00e1tica.<\/li>\n<li>Postura e estrat\u00e9gias dial\u00e9ticas.<\/li>\n<li>Valida\u00e7\u00e3o como estrat\u00e9gia central.<\/li>\n<li>Pr\u00e1tica deliberada das estrat\u00e9gias terap\u00eauticas.<\/li>\n<\/ul>\n<p><b>4\u00aa Dimens\u00e3o: A Arte da Interven\u00e7\u00e3o II: Estrat\u00e9gias Terap\u00eauticas e Manejo de Caso<\/b><\/p>\n<ul>\n<li>Estrat\u00e9gias de solu\u00e7\u00e3o de problemas.<\/li>\n<li>Estrat\u00e9gias estil\u00edsticas e procedimentos de mudan\u00e7a.<\/li>\n<li>Estrat\u00e9gias de manejo de caso.<\/li>\n<li>Pr\u00e1tica deliberada e vivencial.<\/li>\n<\/ul>\n<p><b>5\u00aa Dimens\u00e3o: Aplica\u00e7\u00f5es Avan\u00e7adas da DBT &amp; Construindo Vidas que valem a pena serem vividas<\/b><\/p>\n<ul>\n<li>DBT para adolescentes, transtornos alimentares e transtornos relacionados ao uso de subst\u00e2ncias.<\/li>\n<li>DBT-PE (Protocolo de Exposi\u00e7\u00e3o Prolongada).<\/li>\n<li>Integra\u00e7\u00e3o das habilidades (mindfulness, regula\u00e7\u00e3o emocional, toler\u00e2ncia ao mal-Estar e efetividade interpessoal).<\/li>\n<li>DBT para familiares e contextos institucionais.<\/li>\n<li>Implementa\u00e7\u00e3o de programas em equipes e servi\u00e7os.<\/li>\n<li>Encerramento vivencial com pr\u00e1ticas dial\u00e9ticas e projeto pessoal de vida.<\/li>\n<\/ul>\n<p>[\/vc_column_text]<\/div><\/div><\/div>[\/vc_column][\/vc_row][vc_row css=&#8221;.vc_custom_1658433282276{padding-bottom: 10px !important;background-color: #ffffff !important;}&#8221;][vc_column]\t<style>\r\n\t\t<\/style>\r\n\t<div class=\"porto-content-box featured-boxes wpb_content_element  porto-content-box372399259 featured-boxes-style-1\" data-appear-animation=\"fadeInUp\"><div class=\"featured-box  align-left\" style=\"\"><div class=\"box-content\" style=\"\">[vc_single_image image=&#8221;6833&#8243; img_size=&#8221;561&#215;107&#8243; css=&#8221;&#8221;][vc_basic_grid post_type=&#8221;treinadoresdbt&#8221; max_items=&#8221;-1&#8243; element_width=&#8221;2&#8243; gap=&#8221;15&#8243; orderby=&#8221;menu_order&#8221; order=&#8221;ASC&#8221; item=&#8221;722&#8243; css=&#8221;&#8221; grid_id=&#8221;vc_gid:1773089788805-34c907c5-28ec-5&#8243; taxonomies=&#8221;504&#8243; exclude=&#8221;1271, 1259&#8243;]<\/div><\/div><\/div>[\/vc_column][\/vc_row]<\/p>\n<\/div>","protected":false},"excerpt":{"rendered":"<p>A Terapia Comportamental Dial\u00e9tica (DBT), desenvolvida por Marsha Linehan, integra ci\u00eancia e humanidade para apoiar pessoas que sofrem intensamente a constru\u00edrem vidas que valham a pena ser vividas. O <strong>DBT 5D<\/strong> \u00e9 uma experi\u00eancia imersiva que aprofunda a compreens\u00e3o e a aplica\u00e7\u00e3o da DBT em cinco dimens\u00f5es essenciais, da filosofia \u00e0 interven\u00e7\u00e3o cl\u00ednica, com foco na pr\u00e1tica baseada em princ\u00edpios e no manejo de casos complexos. O programa foi desenvolvido para oferecer uma forma\u00e7\u00e3o s\u00f3lida, te\u00f3rica e vivencial, voltada a profissionais que desejam aprimorar sua atua\u00e7\u00e3o cl\u00ednica com profundidade e precis\u00e3o t\u00e9cnica.<\/p>\n","protected":false},"featured_media":6732,"template":"","meta":{"_acf_changed":false,"_links_to":"","_links_to_target":""},"product_brand":[],"product_cat":[313],"product_tag":[332,333,331],"class_list":{"0":"post-6731","1":"product","2":"type-product","3":"status-publish","4":"has-post-thumbnail","6":"product_cat-cursos-e-treinamentos","7":"product_tag-dbt-brasil","8":"product_tag-transtorno-borderrline","9":"product_tag-treinamento-em-dbt","11":"first","12":"instock","13":"featured","14":"virtual","15":"purchasable","16":"product-type-simple"},"acf":[],"_links":{"self":[{"href":"https:\/\/dbtbrasil.com\/en\/wp-json\/wp\/v2\/product\/6731","targetHints":{"allow":["GET"]}}],"collection":[{"href":"https:\/\/dbtbrasil.com\/en\/wp-json\/wp\/v2\/product"}],"about":[{"href":"https:\/\/dbtbrasil.com\/en\/wp-json\/wp\/v2\/types\/product"}],"wp:featuredmedia":[{"embeddable":true,"href":"https:\/\/dbtbrasil.com\/en\/wp-json\/wp\/v2\/media\/6732"}],"wp:attachment":[{"href":"https:\/\/dbtbrasil.com\/en\/wp-json\/wp\/v2\/media?parent=6731"}],"wp:term":[{"taxonomy":"product_brand","embeddable":true,"href":"https:\/\/dbtbrasil.com\/en\/wp-json\/wp\/v2\/product_brand?post=6731"},{"taxonomy":"product_cat","embeddable":true,"href":"https:\/\/dbtbrasil.com\/en\/wp-json\/wp\/v2\/product_cat?post=6731"},{"taxonomy":"product_tag","embeddable":true,"href":"https:\/\/dbtbrasil.com\/en\/wp-json\/wp\/v2\/product_tag?post=6731"}],"curies":[{"name":"wp","href":"https:\/\/api.w.org\/{rel}","templated":true}]}}