{"id":6736,"date":"2025-11-05T17:38:12","date_gmt":"2025-11-05T20:38:12","guid":{"rendered":"https:\/\/dbtbrasil.com\/?post_type=product&#038;p=6736"},"modified":"2026-04-16T12:06:52","modified_gmt":"2026-04-16T15:06:52","slug":"treinamento-avancado-dbt-pe-com-melanie-harned","status":"publish","type":"product","link":"https:\/\/dbtbrasil.com\/en\/produto\/treinamento-avancado-dbt-pe-com-melanie-harned\/","title":{"rendered":"Treinamento Internacional Avan\u00e7ado em DBT-PE com Melanie Harned"},"content":{"rendered":"<div class=\"wpb-content-wrapper\"><p>[vc_row][vc_column width=&#8221;1\/2&#8243;]\t<style>\r\n\t\t<\/style>\r\n\t<div class=\"porto-content-box featured-boxes wpb_content_element  porto-content-box2081144497 featured-boxes-style-1\" data-appear-animation=\"fadeInUp\"><div class=\"featured-box \" style=\"\"><div class=\"box-content\" style=\"\">[vc_single_image image=&#8221;418&#8243; img_size=&#8221;full&#8221;][vc_column_text css=&#8221;&#8221;]<\/p>\n<p>Profissionais da sa\u00fade mental (psic\u00f3logos e psiquiatras) com forma\u00e7\u00e3o pr\u00e9via em DBT, que desejam aprofundar habilidades cl\u00ednicas no tratamento de trauma em pacientes complexos.<\/p>\n<p>[\/vc_column_text]<\/div><\/div><\/div>\t<style>\r\n\t\t<\/style>\r\n\t<div class=\"porto-content-box featured-boxes wpb_content_element  porto-content-box299631705 featured-boxes-style-1\" data-appear-animation=\"fadeInUp\"><div class=\"featured-box \" style=\"\"><div class=\"box-content\" style=\"\">[vc_single_image image=&#8221;2913&#8243; img_size=&#8221;full&#8221; css=&#8221;&#8221;][vc_column_text css=&#8221;&#8221;]As inscri\u00e7\u00f5es para o Treinamento Internacional Avan\u00e7ado em DBT-PE com Melanie Harned s\u00e3o feitas de forma individual, permitindo que cada participante receba acompanhamento personalizado ao longo do processo.<\/p>\n<p><strong>Garanta sua vaga no maior evento de DBT-PE da Am\u00e9rica Latina<\/strong>. As vagas s\u00e3o limitadas a 60 participantes. A inscri\u00e7\u00e3o ser\u00e1 confirmada mediante pagamento.[\/vc_column_text]<\/div><\/div><\/div>[\/vc_column][vc_column width=&#8221;1\/2&#8243;]\t<style>\r\n\t\t<\/style>\r\n\t<div class=\"porto-content-box featured-boxes wpb_content_element  porto-content-box306145583 featured-boxes-style-1\" data-appear-animation=\"fadeInUp\"><div class=\"featured-box \" style=\"\"><div class=\"box-content\" style=\"\">[vc_single_image image=&#8221;421&#8243; img_size=&#8221;full&#8221; animation_delay=&#8221;300&#8243;][vc_column_text css=&#8221;&#8221;]<b>Formato:<\/b> Presencial, com tradu\u00e7\u00e3o simult\u00e2nea e material exclusivo.<br \/>\n<b>Data:<\/b> 23 a 26 de setembro de 2026<br \/>\n<b>Hor\u00e1rio:<\/b> 8h30 \u00e0s 17h<br \/>\n<b>Local:<\/b> Hotel Summit Paulista, Rua Teixeira da Silva, 647, Para\u00edso, S\u00e3o Paulo\/SP[\/vc_column_text]<\/div><\/div><\/div>\t<style>\r\n\t\t<\/style>\r\n\t<div class=\"porto-content-box featured-boxes wpb_content_element  porto-content-box1010565301 featured-boxes-style-1\" data-appear-animation=\"fadeInUp\" data-appear-animation-delay=\"300\"><div class=\"featured-box \" style=\"\"><div class=\"box-content\" style=\"\">[vc_single_image image=&#8221;424&#8243; img_size=&#8221;full&#8221;][vc_column_text css=&#8221;&#8221;]<b>Lote 1 \u2013 Early Bird:<\/b> R$ 7.500 (at\u00e9 31\/03\/2026)<\/p>\n<p><b>Lote 2 \u2013 Regular:<\/b> R$ 8.500 (at\u00e9 31\/07\/2026)<\/p>\n<p><b>Lote 3 \u2013 Final:<\/b> R$ 9.500 (at\u00e9 10\/09\/2026)<\/p>\n<p><i>As vagas s\u00e3o limitadas a 60 participantes.<\/i>[\/vc_column_text]<\/div><\/div><\/div>\t<style>\r\n\t\t<\/style>\r\n\t<div class=\"porto-content-box featured-boxes wpb_content_element  porto-content-box292381133 featured-boxes-style-1\" data-appear-animation=\"fadeInUp\" data-appear-animation-delay=\"300\"><div class=\"featured-box \" style=\"\"><div class=\"box-content\" style=\"\">[vc_single_image image=&#8221;2915&#8243; img_size=&#8221;full&#8221; css=&#8221;&#8221;][vc_column_text css=&#8221;&#8221;]O treinamento foca na \u00eanfase te\u00f3rico-pr\u00e1tica no tratamento de TEPT (Transtorno de Estresse P\u00f3s-Traum\u00e1tico) em pacientes com Transtorno de Personalidade Borderline e alto risco cl\u00ednico, com conte\u00fado atualizado pela pr\u00f3pria Melanie Harned.<\/p>\n<p><strong>Sobre a Professora (Melanie S. Harned, Ph.D.)<\/strong><\/p>\n<p>Melanie S. Harned \u00e9 psic\u00f3loga cl\u00ednica, pesquisadora e professora na Universidade de Washington (EUA). Criadora do DBT PE Protocol, \u00e9 pioneira na integra\u00e7\u00e3o entre Terapia Comportamental Dial\u00e9tica (DBT) e Exposi\u00e7\u00e3o Prolongada para o tratamento de TEPT em pacientes com diagn\u00f3sticos complexos. Foi colaboradora direta de Marsha Linehan, criadora da DBT, e atua como Diretora de Treinamento em DBT-PE na Behavioral Tech (BTECH). \u00c9 autora do livro \u201cTreating PTSD in Dialectical Behavior Therapy: A Stage-Based Approach to Emotion Dysregulation and Trauma\u201d (2022).[\/vc_column_text]<\/div><\/div><\/div>[\/vc_column][\/vc_row][vc_row css=&#8221;.vc_custom_1658433282276{padding-bottom: 10px !important;background-color: #ffffff !important;}&#8221;][vc_column]\t<style>\r\n\t\t<\/style>\r\n\t<div class=\"porto-content-box featured-boxes wpb_content_element  porto-content-box83279864 featured-boxes-style-1\" data-appear-animation=\"fadeInUp\"><div class=\"featured-box  align-left\" style=\"\"><div class=\"box-content\" style=\"\">[vc_single_image image=&#8221;6833&#8243; img_size=&#8221;561&#215;107&#8243; css=&#8221;&#8221;][vc_basic_grid post_type=&#8221;treinadoresdbt&#8221; max_items=&#8221;-1&#8243; element_width=&#8221;2&#8243; gap=&#8221;15&#8243; orderby=&#8221;menu_order&#8221; order=&#8221;ASC&#8221; item=&#8221;722&#8243; css=&#8221;&#8221; grid_id=&#8221;vc_gid:1773089729155-f4b090c9-abbf-1&#8243; taxonomies=&#8221;504&#8243; exclude=&#8221;1271, 1259&#8243;]<\/div><\/div><\/div>[\/vc_column][\/vc_row]<\/p>\n<\/div>","protected":false},"excerpt":{"rendered":"<p>DBT Brasil tem o prazer de anunciar o primeiro <strong>Treinamento Avan\u00e7ado em DBT-PE <\/strong>com <strong>Melanie Harned, Ph.D.<\/strong>, refer\u00eancia mundial e criadora do protocolo DBT PE. Este encontro presencial in\u00e9dito no Brasil foi cuidadosamente desenhado para oferecer imers\u00e3o intensiva e aprofundada a profissionais com forma\u00e7\u00e3o pr\u00e9via em Terapia Comportamental Dial\u00e9tica (DBT), que desejam aperfei\u00e7oar interven\u00e7\u00f5es cl\u00ednicas com pacientes com trauma complexo. Durante quatro dias de treinamento, os participantes ter\u00e3o acesso a conte\u00fado atualizado pela pr\u00f3pria Harned, com \u00eanfase te\u00f3rico-pr\u00e1tica no tratamento de TEPT (Transtorno de Estresse P\u00f3s-Traum\u00e1tico) em pacientes com Transtorno de Personalidade Borderline e alto risco cl\u00ednico, um dos maiores desafios da pr\u00e1tica contempor\u00e2nea em sa\u00fade mental.<\/p>\n","protected":false},"featured_media":6737,"template":"","meta":{"_acf_changed":false,"_links_to":"","_links_to_target":""},"product_brand":[],"product_cat":[313],"product_tag":[332,333,331],"class_list":{"0":"post-6736","1":"product","2":"type-product","3":"status-publish","4":"has-post-thumbnail","6":"product_cat-cursos-e-treinamentos","7":"product_tag-dbt-brasil","8":"product_tag-transtorno-borderrline","9":"product_tag-treinamento-em-dbt","11":"first","12":"instock","13":"featured","14":"virtual","15":"purchasable","16":"product-type-simple"},"acf":[],"_links":{"self":[{"href":"https:\/\/dbtbrasil.com\/en\/wp-json\/wp\/v2\/product\/6736","targetHints":{"allow":["GET"]}}],"collection":[{"href":"https:\/\/dbtbrasil.com\/en\/wp-json\/wp\/v2\/product"}],"about":[{"href":"https:\/\/dbtbrasil.com\/en\/wp-json\/wp\/v2\/types\/product"}],"wp:featuredmedia":[{"embeddable":true,"href":"https:\/\/dbtbrasil.com\/en\/wp-json\/wp\/v2\/media\/6737"}],"wp:attachment":[{"href":"https:\/\/dbtbrasil.com\/en\/wp-json\/wp\/v2\/media?parent=6736"}],"wp:term":[{"taxonomy":"product_brand","embeddable":true,"href":"https:\/\/dbtbrasil.com\/en\/wp-json\/wp\/v2\/product_brand?post=6736"},{"taxonomy":"product_cat","embeddable":true,"href":"https:\/\/dbtbrasil.com\/en\/wp-json\/wp\/v2\/product_cat?post=6736"},{"taxonomy":"product_tag","embeddable":true,"href":"https:\/\/dbtbrasil.com\/en\/wp-json\/wp\/v2\/product_tag?post=6736"}],"curies":[{"name":"wp","href":"https:\/\/api.w.org\/{rel}","templated":true}]}}