{"id":6745,"date":"2026-01-23T15:52:35","date_gmt":"2026-01-23T18:52:35","guid":{"rendered":"https:\/\/dbtbrasil.com\/?post_type=product&#038;p=6745"},"modified":"2026-03-09T17:55:52","modified_gmt":"2026-03-09T20:55:52","slug":"curso-bases-e-procedimentos-comportamentais-em-dbt","status":"publish","type":"product","link":"https:\/\/dbtbrasil.com\/en\/produto\/curso-bases-e-procedimentos-comportamentais-em-dbt\/","title":{"rendered":"Curso Bases e Procedimentos Comportamentais em DBT"},"content":{"rendered":"<div class=\"wpb-content-wrapper\"><p>[vc_row][vc_column width=&#8221;1\/2&#8243;]\t<style>\r\n\t\t<\/style>\r\n\t<div class=\"porto-content-box featured-boxes wpb_content_element  porto-content-box1057942406 featured-boxes-style-1\" data-appear-animation=\"fadeInUp\"><div class=\"featured-box \" style=\"\"><div class=\"box-content\" style=\"\">[vc_single_image image=&#8221;418&#8243; img_size=&#8221;full&#8221;][vc_column_text css=&#8221;&#8221;]O curso: \u201c<strong>Bases e Procedimentos Comportamentais em DBT<\/strong>\u201d visa promover a <strong>capacita\u00e7\u00e3o nas bases advindas da ci\u00eancia comportamental para a DBT<\/strong>. Nesse sentido, o curso ir\u00e1 explorar <strong>os modelos do condicionamento cl\u00e1ssico, do condicionamento operante e da aprendizagem social<\/strong>. O principal objetivo \u00e9 promover o entendimento dos principais conceitos que perpassam a DBT, bem como se d\u00e1 a operacionaliza\u00e7\u00e3o deles na condu\u00e7\u00e3o do processo terap\u00eautico. Por fim, apresentar-se-\u00e1 as principais interven\u00e7\u00f5es advindas desses tr\u00eas modelos na DBT.[\/vc_column_text]<\/div><\/div><\/div>\t<style>\r\n\t\t<\/style>\r\n\t<div class=\"porto-content-box featured-boxes wpb_content_element  porto-content-box2027500547 featured-boxes-style-1\" data-appear-animation=\"fadeInUp\"><div class=\"featured-box \" style=\"\"><div class=\"box-content\" style=\"\">[vc_single_image image=&#8221;2913&#8243; img_size=&#8221;full&#8221; css=&#8221;&#8221;][vc_column_text css=&#8221;&#8221;]As <strong>inscri\u00e7\u00f5es s\u00e3o realizadas de forma individual<\/strong>, e n\u00e3o h\u00e1 necessidade de formar grupos para participa\u00e7\u00e3o. Basta entrar em contato com a equipe da DBT Brasil e garantir a sua vaga![\/vc_column_text]<\/div><\/div><\/div>\t<style>\r\n\t\t<\/style>\r\n\t<div class=\"porto-content-box featured-boxes wpb_content_element  porto-content-box1072234902 featured-boxes-style-1\" data-appear-animation=\"fadeInUp\" data-appear-animation-delay=\"300\"><div class=\"featured-box \" style=\"\"><div class=\"box-content\" style=\"\">[vc_single_image image=&#8221;425&#8243; img_size=&#8221;full&#8221;][vc_column_text css=&#8221;&#8221;]N\u00e3o h\u00e1 processo seletivo. Todos os profissionais de sa\u00fade mental que se inscreverem e atenderem aos pr\u00e9-requisitos m\u00ednimos poder\u00e3o participar do curso.[\/vc_column_text]<\/div><\/div><\/div>\t<style>\r\n\t\t<\/style>\r\n\t<div class=\"porto-content-box featured-boxes wpb_content_element  porto-content-box451837198 featured-boxes-style-1\" data-appear-animation=\"fadeInUp\" data-appear-animation-delay=\"300\"><div class=\"featured-box \" style=\"\"><div class=\"box-content\" style=\"\">[vc_single_image image=&#8221;2926&#8243; img_size=&#8221;full&#8221; css=&#8221;&#8221;][vc_column_text css=&#8221;&#8221;]Nenhuma prepara\u00e7\u00e3o espec\u00edfica \u00e9 exigida para participar do curso. O conte\u00fado foi desenvolvido para ser acess\u00edvel a todos os profissionais de sa\u00fade mental, independente do n\u00edvel de experi\u00eancia com a DBT.[\/vc_column_text]<\/div><\/div><\/div>[\/vc_column][vc_column width=&#8221;1\/2&#8243;]\t<style>\r\n\t\t<\/style>\r\n\t<div class=\"porto-content-box featured-boxes wpb_content_element  porto-content-box865215447 featured-boxes-style-1\" data-appear-animation=\"fadeInUp\"><div class=\"featured-box \" style=\"\"><div class=\"box-content\" style=\"\">[vc_single_image image=&#8221;421&#8243; img_size=&#8221;full&#8221; animation_delay=&#8221;300&#8243;][vc_column_text css=&#8221;&#8221;]O curso adota uma <strong>metodologia ativa atrav\u00e9s do uso de aulas expositivas<\/strong>, exemplos de casos e exerc\u00edcios pr\u00e1ticos. O objetivo do uso das diferentes estrat\u00e9gias de ensino visa prover a <strong>apropria\u00e7\u00e3o conceitual dos temas propostos<\/strong>, a <strong>aplica\u00e7\u00e3o na pr\u00e1tica<\/strong> destes, assim como, a <strong>reflex\u00e3o<\/strong> sobre tudo o que foi proposto a fim de <strong>potencializar a experi\u00eancia de aprendizado<\/strong> focando na generaliza\u00e7\u00e3o deste<\/p>\n<p><strong>Cronograma:<\/strong><br \/>\n24 e 26 de fevereiro de 2026<br \/>\n03 e 05 de mar\u00e7o de 2026<\/p>\n<p><strong>Hor\u00e1rio:<\/strong> das 19h \u00e0s 22h[\/vc_column_text]<\/div><\/div><\/div>\t<style>\r\n\t\t<\/style>\r\n\t<div class=\"porto-content-box featured-boxes wpb_content_element  porto-content-box2056132453 featured-boxes-style-1\" data-appear-animation=\"fadeInUp\" data-appear-animation-delay=\"300\"><div class=\"featured-box \" style=\"\"><div class=\"box-content\" style=\"\">[vc_single_image image=&#8221;424&#8243; img_size=&#8221;full&#8221;][vc_column_text css=&#8221;&#8221;]R$ 800,00 (2 x R$ 400,00)[\/vc_column_text]<\/div><\/div><\/div>\t<style>\r\n\t\t<\/style>\r\n\t<div class=\"porto-content-box featured-boxes wpb_content_element  porto-content-box413835973 featured-boxes-style-1\" data-appear-animation=\"fadeInUp\" data-appear-animation-delay=\"300\"><div class=\"featured-box \" style=\"\"><div class=\"box-content\" style=\"\">[vc_single_image image=&#8221;2915&#8243; img_size=&#8221;full&#8221; css=&#8221;&#8221;][vc_column_text css=&#8221;&#8221;]<strong>a. Condicionamento cl\u00e1ssico<\/strong><\/p>\n<p>i. Como ocorre o condicionamento cl\u00e1ssico<\/p>\n<p>ii. Generaliza\u00e7\u00e3o<\/p>\n<p>iii. Extin\u00e7\u00e3o<\/p>\n<p>iv. Discrimina\u00e7\u00e3o<\/p>\n<p>v. Recupera\u00e7\u00e3o espont\u00e2nea<\/p>\n<p><strong>b. Condicionamento operante<\/strong><\/p>\n<p>i. Aprendizagem pelas consequ\u00eancias<\/p>\n<p>ii. Refor\u00e7o<\/p>\n<p>1. Refor\u00e7o positivo<\/p>\n<p>2. Refor\u00e7o negativo<\/p>\n<p>iii. Puni\u00e7\u00e3o<\/p>\n<p>1. Puni\u00e7\u00e3o positiva<\/p>\n<p>2. Puni\u00e7\u00e3o negativa<\/p>\n<p>iv. Extin\u00e7\u00e3o<\/p>\n<p>v. Modelo A-B-C<\/p>\n<p>vi. Esquemas de refor\u00e7amento<\/p>\n<p>vii. Opera\u00e7\u00f5es motivadoras e abolidoras<\/p>\n<p><strong>c. Aprendizagem Social<\/strong><\/p>\n<p>i. Aprendizagem vic\u00e1ria<\/p>\n<p>ii. Modela\u00e7\u00e3o<\/p>\n<p>iii. Autoefic\u00e1cia<\/p>\n<p>iv. Autorregula\u00e7\u00e3o<\/p>\n<p><strong>d. Procedimentos t\u00e9cnicos<\/strong><\/p>\n<p>i. An\u00e1lise comportamental<\/p>\n<p>ii. Manejo de conting\u00eancias<\/p>\n<p>iii. Antecipa\u00e7\u00e3o<\/p>\n<p>iv. Construir maestria<\/p>\n<p>v. Exposi\u00e7\u00e3o<\/p>\n<p>vi. Ensaios comportamentais<\/p>\n<p>vii. Ativa\u00e7\u00e3o comportamental[\/vc_column_text]<\/div><\/div><\/div>[\/vc_column][\/vc_row][vc_row css=&#8221;.vc_custom_1658433282276{padding-bottom: 10px !important;background-color: #ffffff !important;}&#8221;][vc_column]\t<style>\r\n\t\t<\/style>\r\n\t<div class=\"porto-content-box featured-boxes wpb_content_element  porto-content-box469662648 featured-boxes-style-1\" data-appear-animation=\"fadeInUp\"><div class=\"featured-box  align-left\" style=\"\"><div class=\"box-content\" style=\"\">[vc_single_image image=&#8221;6833&#8243; img_size=&#8221;561&#215;107&#8243; css=&#8221;&#8221;][vc_basic_grid post_type=&#8221;treinadoresdbt&#8221; max_items=&#8221;-1&#8243; element_width=&#8221;2&#8243; gap=&#8221;15&#8243; orderby=&#8221;menu_order&#8221; order=&#8221;ASC&#8221; item=&#8221;722&#8243; css=&#8221;&#8221; grid_id=&#8221;vc_gid:1773089720552-b8123f51-7b79-4&#8243; taxonomies=&#8221;504&#8243; exclude=&#8221;1271, 1259&#8243;]<\/div><\/div><\/div>[\/vc_column][\/vc_row]<\/p>\n<\/div>","protected":false},"excerpt":{"rendered":"<p>O curso &#8220;DBT em a\u00e7\u00e3o: estrat\u00e9gias para ansiedade, vergonha e raiva&#8221;, conduzido por Alex Chapman, \u00e9 uma oportunidade \u00fanica de aprendizado avan\u00e7ado em DBT, explorando como a abordagem pode ser aplicada para tratar emo\u00e7\u00f5es desafiadoras no contexto terap\u00eautico.<\/p>\n<p>Chapman \u2013 refer\u00eancia internacional em DBT \u2013 combina teoria, estudos de caso e pr\u00e1ticas interativas para fornecer ferramentas concretas e eficazes, auxiliando os terapeutas a melhorar a qualidade do atendimento aos seus pacientes.<\/p>\n","protected":false},"featured_media":6746,"template":"","meta":{"_acf_changed":false,"_links_to":"","_links_to_target":""},"product_brand":[],"product_cat":[313],"product_tag":[332,333,331],"class_list":{"0":"post-6745","1":"product","2":"type-product","3":"status-publish","4":"has-post-thumbnail","6":"product_cat-cursos-e-treinamentos","7":"product_tag-dbt-brasil","8":"product_tag-transtorno-borderrline","9":"product_tag-treinamento-em-dbt","11":"first","12":"instock","13":"virtual","14":"purchasable","15":"product-type-simple"},"acf":[],"_links":{"self":[{"href":"https:\/\/dbtbrasil.com\/en\/wp-json\/wp\/v2\/product\/6745","targetHints":{"allow":["GET"]}}],"collection":[{"href":"https:\/\/dbtbrasil.com\/en\/wp-json\/wp\/v2\/product"}],"about":[{"href":"https:\/\/dbtbrasil.com\/en\/wp-json\/wp\/v2\/types\/product"}],"wp:featuredmedia":[{"embeddable":true,"href":"https:\/\/dbtbrasil.com\/en\/wp-json\/wp\/v2\/media\/6746"}],"wp:attachment":[{"href":"https:\/\/dbtbrasil.com\/en\/wp-json\/wp\/v2\/media?parent=6745"}],"wp:term":[{"taxonomy":"product_brand","embeddable":true,"href":"https:\/\/dbtbrasil.com\/en\/wp-json\/wp\/v2\/product_brand?post=6745"},{"taxonomy":"product_cat","embeddable":true,"href":"https:\/\/dbtbrasil.com\/en\/wp-json\/wp\/v2\/product_cat?post=6745"},{"taxonomy":"product_tag","embeddable":true,"href":"https:\/\/dbtbrasil.com\/en\/wp-json\/wp\/v2\/product_tag?post=6745"}],"curies":[{"name":"wp","href":"https:\/\/api.w.org\/{rel}","templated":true}]}}