{"id":6747,"date":"2026-01-23T15:59:09","date_gmt":"2026-01-23T18:59:09","guid":{"rendered":"https:\/\/dbtbrasil.com\/?post_type=product&#038;p=6747"},"modified":"2026-03-09T17:55:41","modified_gmt":"2026-03-09T20:55:41","slug":"workshop-formulacao-de-caso-em-dbt-com-brisa-burgos","status":"publish","type":"product","link":"https:\/\/dbtbrasil.com\/en\/produto\/workshop-formulacao-de-caso-em-dbt-com-brisa-burgos\/","title":{"rendered":"Workshop: Formula\u00e7\u00e3o de Caso em DBT com Brisa Burgos"},"content":{"rendered":"<div class=\"wpb-content-wrapper\"><p>[vc_row][vc_column width=&#8221;1\/2&#8243;]\t<style>\r\n\t\t<\/style>\r\n\t<div class=\"porto-content-box featured-boxes wpb_content_element  porto-content-box712713956 featured-boxes-style-1\" data-appear-animation=\"fadeInUp\"><div class=\"featured-box \" style=\"\"><div class=\"box-content\" style=\"\">[vc_single_image image=&#8221;418&#8243; img_size=&#8221;full&#8221;][vc_column_text css=&#8221;&#8221;]- Psic\u00f3logos(as)<br \/>\n&#8211; Psiquiatras<br \/>\n&#8211; Estudantes de Psicologia (a partir dos \u00faltimos per\u00edodos)<br \/>\n&#8211; Profissionais da sa\u00fade mental interessados em DBT<\/p>\n<p><strong>Objetivos do Workshop<\/strong><\/p>\n<p>Compreender o papel da formula\u00e7\u00e3o de caso no modelo DBT<br \/>\nIdentificar alvos terap\u00eauticos a partir da hierarquia da DBT<br \/>\nIntegrar teoria e pr\u00e1tica cl\u00ednica na constru\u00e7\u00e3o de casos<br \/>\nDesenvolver racioc\u00ednio cl\u00ednico baseado em princ\u00edpios comportamentais e dial\u00e9ticos[\/vc_column_text]<\/div><\/div><\/div>\t<style>\r\n\t\t<\/style>\r\n\t<div class=\"porto-content-box featured-boxes wpb_content_element  porto-content-box86032144 featured-boxes-style-1\" data-appear-animation=\"fadeInUp\"><div class=\"featured-box \" style=\"\"><div class=\"box-content\" style=\"\">[vc_single_image image=&#8221;2913&#8243; img_size=&#8221;full&#8221; css=&#8221;&#8221;][vc_column_text css=&#8221;&#8221;]As<strong> inscri\u00e7\u00f5es s\u00e3o realizadas de forma individual<\/strong>, e n\u00e3o h\u00e1 necessidade de formar grupos para participa\u00e7\u00e3o. Basta entrar em contato com a equipe da DBT Brasil e garantir a sua vaga![\/vc_column_text]<\/div><\/div><\/div>[\/vc_column][vc_column width=&#8221;1\/2&#8243;]\t<style>\r\n\t\t<\/style>\r\n\t<div class=\"porto-content-box featured-boxes wpb_content_element  porto-content-box967254539 featured-boxes-style-1\" data-appear-animation=\"fadeInUp\"><div class=\"featured-box \" style=\"\"><div class=\"box-content\" style=\"\">[vc_single_image image=&#8221;421&#8243; img_size=&#8221;full&#8221; animation_delay=&#8221;300&#8243;][vc_column_text css=&#8221;&#8221;]<strong>Formato:<\/strong> Workshop te\u00f3rico-pr\u00e1tico<br \/>\n<b>Data:<\/b>18 de abril de 2026<br \/>\n<strong>Carga hor\u00e1ria:<\/strong> 8 horas<br \/>\n<strong>Modalidade:<\/strong> (online)[\/vc_column_text]<\/div><\/div><\/div>\t<style>\r\n\t\t<\/style>\r\n\t<div class=\"porto-content-box featured-boxes wpb_content_element  porto-content-box1283437969 featured-boxes-style-1\" data-appear-animation=\"fadeInUp\" data-appear-animation-delay=\"300\"><div class=\"featured-box \" style=\"\"><div class=\"box-content\" style=\"\">[vc_single_image image=&#8221;2915&#8243; img_size=&#8221;full&#8221; css=&#8221;&#8221;][vc_column_text css=&#8221;&#8221;]- Introdu\u00e7\u00e3o \u00e0 formula\u00e7\u00e3o de caso em DBT<br \/>\n&#8211; Pressupostos te\u00f3ricos da DBT aplicados \u00e0 formula\u00e7\u00e3o<br \/>\n&#8211; An\u00e1lise funcional e padr\u00f5es comportamentais<br \/>\n&#8211; Hierarquia de alvos e tomada de decis\u00e3o cl\u00ednica<br \/>\n&#8211; Exemplos cl\u00ednicos e estudos de caso<br \/>\n&#8211; Exerc\u00edcios pr\u00e1ticos e discuss\u00e3o em grupo<\/p>\n<p><strong>Sobre a Facilitadora<\/strong><\/p>\n<p><strong>Brisa Burgos<\/strong> \u00e9 psic\u00f3loga, terapeuta comportamental e atua clinicamente com a Terapia Comportamental Dial\u00e9tica (DBT). Possui forma\u00e7\u00e3o especializada em DBT e ampla experi\u00eancia no atendimento de pacientes com desregula\u00e7\u00e3o emocional, comportamentos de risco e quadros complexos.<\/p>\n<p>Atua tamb\u00e9m como formadora, supervisora cl\u00ednica e facilitadora de workshops e cursos voltados \u00e0 pr\u00e1tica cl\u00ednica em DBT, com \u00eanfase no desenvolvimento do racioc\u00ednio cl\u00ednico, na an\u00e1lise funcional e na formula\u00e7\u00e3o de caso. Seu trabalho integra rigor t\u00e9cnico, clareza did\u00e1tica e aplica\u00e7\u00e3o pr\u00e1tica, aproximando a teoria da realidade do consult\u00f3rio.<\/p>\n<p>Brisa tem como foco contribuir para a qualifica\u00e7\u00e3o de profissionais da sa\u00fade mental, promovendo interven\u00e7\u00f5es baseadas em evid\u00eancias, \u00e9ticas e alinhadas aos princ\u00edpios dial\u00e9ticos e comportamentais da DBT. \u00c9 diretora da Leve.si, mentora da DBT Brasil e Supervisora e professora do CTC Veda e DBT Brasil[\/vc_column_text]<\/div><\/div><\/div>\t<style>\r\n\t\t<\/style>\r\n\t<div class=\"porto-content-box featured-boxes wpb_content_element  porto-content-box382493436 featured-boxes-style-1\" data-appear-animation=\"fadeInUp\" data-appear-animation-delay=\"300\"><div class=\"featured-box \" style=\"\"><div class=\"box-content\" style=\"\">[vc_single_image image=&#8221;424&#8243; img_size=&#8221;full&#8221;][vc_column_text css=&#8221;&#8221;]<strong>Investimento:\u00a0<\/strong> R$ 500,00<br \/>\n<strong>Forma de pagamento:<\/strong> 2x[\/vc_column_text]<\/div><\/div><\/div>[\/vc_column][\/vc_row][vc_row css=&#8221;.vc_custom_1658433282276{padding-bottom: 10px !important;background-color: #ffffff !important;}&#8221;][vc_column]\t<style>\r\n\t\t<\/style>\r\n\t<div class=\"porto-content-box featured-boxes wpb_content_element  porto-content-box1469370247 featured-boxes-style-1\" data-appear-animation=\"fadeInUp\"><div class=\"featured-box  align-left\" style=\"\"><div class=\"box-content\" style=\"\">[vc_single_image image=&#8221;6833&#8243; img_size=&#8221;561&#215;107&#8243; css=&#8221;&#8221;][vc_basic_grid post_type=&#8221;treinadoresdbt&#8221; max_items=&#8221;-1&#8243; element_width=&#8221;2&#8243; gap=&#8221;15&#8243; orderby=&#8221;menu_order&#8221; order=&#8221;ASC&#8221; item=&#8221;722&#8243; css=&#8221;&#8221; grid_id=&#8221;vc_gid:1773089695737-56b92252-e954-6&#8243; taxonomies=&#8221;504&#8243; exclude=&#8221;1271, 1259&#8243;]<\/div><\/div><\/div>[\/vc_column][\/vc_row]<\/p>\n<\/div>","protected":false},"excerpt":{"rendered":"<p>Workshop te\u00f3rico-pr\u00e1tico de 8 horas focado na constru\u00e7\u00e3o de formula\u00e7\u00f5es de caso s\u00f3lidas e estrat\u00e9gicas sob a perspectiva da DBT. O curso capacita psic\u00f3logos e psiquiatras a identificarem alvos terap\u00eauticos com base na hierarquia da DBT e a desenvolverem um racioc\u00ednio cl\u00ednico apurado. Aprenda a integrar an\u00e1lise funcional e princ\u00edpios dial\u00e9ticos para uma tomada de decis\u00e3o cl\u00ednica mais precisa e segura.<\/p>\n","protected":false},"featured_media":6750,"template":"","meta":{"_acf_changed":false,"_links_to":"","_links_to_target":""},"product_brand":[],"product_cat":[313],"product_tag":[332,333,331],"class_list":{"0":"post-6747","1":"product","2":"type-product","3":"status-publish","4":"has-post-thumbnail","6":"product_cat-cursos-e-treinamentos","7":"product_tag-dbt-brasil","8":"product_tag-transtorno-borderrline","9":"product_tag-treinamento-em-dbt","11":"first","12":"instock","13":"featured","14":"virtual","15":"purchasable","16":"product-type-simple"},"acf":[],"_links":{"self":[{"href":"https:\/\/dbtbrasil.com\/en\/wp-json\/wp\/v2\/product\/6747","targetHints":{"allow":["GET"]}}],"collection":[{"href":"https:\/\/dbtbrasil.com\/en\/wp-json\/wp\/v2\/product"}],"about":[{"href":"https:\/\/dbtbrasil.com\/en\/wp-json\/wp\/v2\/types\/product"}],"wp:featuredmedia":[{"embeddable":true,"href":"https:\/\/dbtbrasil.com\/en\/wp-json\/wp\/v2\/media\/6750"}],"wp:attachment":[{"href":"https:\/\/dbtbrasil.com\/en\/wp-json\/wp\/v2\/media?parent=6747"}],"wp:term":[{"taxonomy":"product_brand","embeddable":true,"href":"https:\/\/dbtbrasil.com\/en\/wp-json\/wp\/v2\/product_brand?post=6747"},{"taxonomy":"product_cat","embeddable":true,"href":"https:\/\/dbtbrasil.com\/en\/wp-json\/wp\/v2\/product_cat?post=6747"},{"taxonomy":"product_tag","embeddable":true,"href":"https:\/\/dbtbrasil.com\/en\/wp-json\/wp\/v2\/product_tag?post=6747"}],"curies":[{"name":"wp","href":"https:\/\/api.w.org\/{rel}","templated":true}]}}