{"id":6753,"date":"2026-01-23T17:19:09","date_gmt":"2026-01-23T20:19:09","guid":{"rendered":"https:\/\/dbtbrasil.com\/?post_type=product&#038;p=6753"},"modified":"2026-03-09T18:29:23","modified_gmt":"2026-03-09T21:29:23","slug":"aprimoramento-clinico-em-dbt-com-pratica-deliberada","status":"publish","type":"product","link":"https:\/\/dbtbrasil.com\/en\/produto\/aprimoramento-clinico-em-dbt-com-pratica-deliberada\/","title":{"rendered":"Aprimoramento Cl\u00ednico em DBT com Pr\u00e1tica Deliberada <span class=\"badge-online-produto\">ONLINE<\/span>"},"content":{"rendered":"<div class=\"wpb-content-wrapper\"><p>[vc_row][vc_column width=&#8221;1\/2&#8243;]\t<style>\r\n\t\t<\/style>\r\n\t<div class=\"porto-content-box featured-boxes wpb_content_element  porto-content-box1862608331 featured-boxes-style-1\" data-appear-animation=\"fadeInUp\"><div class=\"featured-box \" style=\"\"><div class=\"box-content\" style=\"\">[vc_single_image image=&#8221;418&#8243; img_size=&#8221;full&#8221;][vc_column_text css=&#8221;&#8221;]Este programa \u00e9 indicado para <strong>terapeutas DBT j\u00e1 formados ou em forma\u00e7\u00e3o avan\u00e7ada<\/strong>, que desejam ir al\u00e9m da teoria e <strong>aprimorar suas habilidades reais no consult\u00f3rio<\/strong>, ampliando seguran\u00e7a, precis\u00e3o t\u00e9cnica e efic\u00e1cia cl\u00ednica.[\/vc_column_text]<\/div><\/div><\/div>\t<style>\r\n\t\t<\/style>\r\n\t<div class=\"porto-content-box featured-boxes wpb_content_element  porto-content-box2043146282 featured-boxes-style-1\" data-appear-animation=\"fadeInUp\"><div class=\"featured-box \" style=\"\"><div class=\"box-content\" style=\"\">[vc_single_image image=&#8221;2913&#8243; img_size=&#8221;full&#8221; css=&#8221;&#8221;][vc_column_text css=&#8221;&#8221;]<strong>Participe desta imers\u00e3o e saia pronto para aplicar a DBT com mais seguran\u00e7a, precis\u00e3o e resultados reais<\/strong><\/p>\n<p><strong>As inscri\u00e7\u00f5es s\u00e3o realizadas de forma individual<\/strong>, e n\u00e3o h\u00e1 necessidade de formar grupos para participa\u00e7\u00e3o. Basta entrar em contato com a equipe da DBT Brasil e garantir a sua vaga!<\/p>\n<p><strong>Ao final deste treinamento, o participante estar\u00e1 mais preparado para:<\/strong><br \/>\nConduzir interven\u00e7\u00f5es com maior precis\u00e3o t\u00e9cnica;<br \/>\nDar e receber feedback cl\u00ednico de forma estruturada;<br \/>\nFortalecer a confian\u00e7a na aplica\u00e7\u00e3o de estrat\u00e9gias complexas da DBT;<br \/>\nIntegrar o treino deliberado como pr\u00e1tica cont\u00ednua de aprimoramento profissional.[\/vc_column_text]<\/div><\/div><\/div>\t<style>\r\n\t\t<\/style>\r\n\t<div class=\"porto-content-box featured-boxes wpb_content_element  porto-content-box1453645875 featured-boxes-style-1\" data-appear-animation=\"fadeInUp\" data-appear-animation-delay=\"300\"><div class=\"featured-box \" style=\"\"><div class=\"box-content\" style=\"\">[vc_single_image image=&#8221;2915&#8243; img_size=&#8221;full&#8221; css=&#8221;&#8221;][vc_column_text css=&#8221;&#8221;]<strong>M\u00d3DULO I &#8211; Fundamentos da Pr\u00e1tica Deliberada em DBT<\/strong><\/p>\n<p><strong>Primeiro encontro:<\/strong><br \/>\n&#8211; Origens, evid\u00eancias e princ\u00edpios da Pr\u00e1tica Deliberada.<br \/>\nComo a Pr\u00e1tica Deliberada potencializa a forma\u00e7\u00e3o de terapeutas DBT.<br \/>\n&#8211; Planejamento de treino estruturado: metas, autoavalia\u00e7\u00e3o e feedback.<\/p>\n<p><strong>Segundo encontro:<\/strong><br \/>\n&#8211; A agenda da sess\u00e3o em DBT \u2013 Como desenvolv\u00ea-la de forma proficiente?<br \/>\n&#8211; Defini\u00e7\u00e3o de alvos e hierarquia de prioridades.<br \/>\n&#8211; Exerc\u00edcios pr\u00e1ticos para organiza\u00e7\u00e3o da sess\u00e3o.<br \/>\nTerceiro encontro:<br \/>\n&#8211; Fun\u00e7\u00f5es da valida\u00e7\u00e3o na DBT.<br \/>\n&#8211; Diferentes n\u00edveis de valida\u00e7\u00e3o e suas aplica\u00e7\u00f5es.<br \/>\n&#8211; Role-plays e feedback imediato.<br \/>\n&#8211; Valida\u00e7\u00e3o na pr\u00e1tica! Exerc\u00edcio cl\u00ednicos perpassando todas as fun\u00e7\u00f5es da valida\u00e7\u00e3o na DBT.<\/p>\n<p><strong>Quarto encontro:<\/strong><br \/>\n&#8211; Manejo de conting\u00eancias na sess\u00e3o. O uso efetivo de conting\u00eancias refor\u00e7adoras<br \/>\n&#8211; A avalia\u00e7\u00e3o dos problemas do paciente. Como desenvolver desde a an\u00e1lise em cadeia de epis\u00f3dios espec\u00edficos, at\u00e9 o trabalho com padr\u00f5es comportamentais.<br \/>\n&#8211; Identifica\u00e7\u00e3o e interven\u00e7\u00e3o em padr\u00f5es comportamentais.<br \/>\n&#8211; Simula\u00e7\u00f5es com estudo de caso.<\/p>\n<p><strong>Quinto encontro:<\/strong><br \/>\n&#8211; Como desenvolver o comprometimento com a solu\u00e7\u00e3o de problemas<br \/>\n&#8211; Engajando o paciente na solu\u00e7\u00e3o de problemas<br \/>\n&#8211; Estrat\u00e9gias motivacionais e dial\u00e9ticas.<br \/>\n&#8211; Exerc\u00edcios de engajamento realista.<\/p>\n<p><strong>M\u00d3DULO II &#8211; Interven\u00e7\u00f5es Avan\u00e7adas e Situa\u00e7\u00f5es Complexas em DBT<\/strong><\/p>\n<p><strong>Primeiro encontro:<\/strong><br \/>\n&#8211; O treino de habilidades na terapia individual<br \/>\n&#8211; Como trabalhar a modifica\u00e7\u00e3o cognitiva<br \/>\n&#8211; Integra\u00e7\u00e3o do treino de habilidades na terapia individual.<br \/>\n&#8211; Modifica\u00e7\u00e3o cognitiva no contexto dial\u00e9tico.<br \/>\n&#8211; Simula\u00e7\u00f5es de ensino de habilidades na pr\u00e1tica.<\/p>\n<p><strong>Segundo encontro:<\/strong><br \/>\n&#8211; Exposi\u00e7\u00e3o informal: planejamento e condu\u00e7\u00e3o.<br \/>\n&#8211; Coaching telef\u00f4nico em situa\u00e7\u00f5es de desregula\u00e7\u00e3o.<br \/>\n&#8211; Como usar a Equipe de Consultoria como pr\u00e1tica deliberada estruturada.<br \/>\n&#8211; Pr\u00e1ticas supervisionadas.<\/p>\n<p><strong>Terceiro encontro:<\/strong><br \/>\n&#8211; Promo\u00e7\u00e3o do pensamento dial\u00e9tico nos pacientes.<br \/>\n&#8211; Manejo de idea\u00e7\u00f5es suicidas e comportamentos de alto risco.<br \/>\n&#8211; Exerc\u00edcios de comunica\u00e7\u00e3o dial\u00e9tica e interven\u00e7\u00f5es em crises.[\/vc_column_text]<\/div><\/div><\/div>[\/vc_column][vc_column width=&#8221;1\/2&#8243;]\t<style>\r\n\t\t<\/style>\r\n\t<div class=\"porto-content-box featured-boxes wpb_content_element  porto-content-box1644011923 featured-boxes-style-1\" data-appear-animation=\"fadeInUp\"><div class=\"featured-box \" style=\"\"><div class=\"box-content\" style=\"\">[vc_single_image image=&#8221;421&#8243; img_size=&#8221;full&#8221; animation_delay=&#8221;300&#8243;][vc_column_text css=&#8221;&#8221;]<strong>Formato Online.<\/strong><br \/>\nOrganizado em <strong>2 m\u00f3dulos intensivos<\/strong>, sendo o<strong> m\u00f3dulo I com 5 encontros<\/strong> e o <strong>M\u00f3dulo II com 3 encontros<\/strong>, todos com <strong>4 horas de dura\u00e7\u00e3o cada<\/strong>. O curso adota uma metodologia baseada na <strong>ci\u00eancia da pr\u00e1tica deliberada<\/strong>, focando no <strong>treino repetido de micro-habilidades<\/strong> para alcan\u00e7ar a excel\u00eancia cl\u00ednica.<\/p>\n<p><strong>Cronograma:<\/strong><br \/>\n20 e 27 de mar\u00e7o de 2026<br \/>\n17 de abril de 2026<br \/>\n22 de maio de 2026<br \/>\n19 e 26 de junho de 2026<br \/>\n17 e 24 de Julho de 2026<\/p>\n<p><strong>Hor\u00e1rio:<\/strong> das 08h \u00e0s 12h[\/vc_column_text]<\/div><\/div><\/div>\t<style>\r\n\t\t<\/style>\r\n\t<div class=\"porto-content-box featured-boxes wpb_content_element  porto-content-box55546372 featured-boxes-style-1\" data-appear-animation=\"fadeInUp\" data-appear-animation-delay=\"300\"><div class=\"featured-box \" style=\"\"><div class=\"box-content\" style=\"\">[vc_single_image image=&#8221;2040&#8243; img_size=&#8221;full&#8221; css=&#8221;&#8221;][vc_column_text css=&#8221;&#8221;]<strong>M\u00d3DULO I &#8211; Fundamentos da Pr\u00e1tica Deliberada em DBT<\/strong><\/p>\n<ol>\n<li>Origens, evid\u00eancias e princ\u00edpios da Pr\u00e1tica Deliberada<\/li>\n<li>A agenda da sess\u00e3o em DBT<\/li>\n<li>Fun\u00e7\u00f5es da valida\u00e7\u00e3o na DBT<\/li>\n<li>Manejo de conting\u00eancias e an\u00e1lise de problemas<\/li>\n<li>Comprometimento e engajamento com a solu\u00e7\u00e3o de problemas<\/li>\n<\/ol>\n<p><strong>M\u00d3DULO II &#8211; Interven\u00e7\u00f5es Avan\u00e7adas e Situa\u00e7\u00f5es Complexas em DBT<\/strong><\/p>\n<ol>\n<li>O treino de habilidades na terapia individual e modifica\u00e7\u00e3o cognitiva<\/li>\n<li>Exposi\u00e7\u00e3o informal, coaching telef\u00f4nico e equipe de consultoria<\/li>\n<li>Pensamento dial\u00e9tico, manejo de idea\u00e7\u00f5es suicidas e interven\u00e7\u00f5es em crises<\/li>\n<\/ol>\n<p>[\/vc_column_text]<\/div><\/div><\/div>\t<style>\r\n\t\t<\/style>\r\n\t<div class=\"porto-content-box featured-boxes wpb_content_element  porto-content-box1810647947 featured-boxes-style-1\" data-appear-animation=\"fadeInUp\" data-appear-animation-delay=\"300\"><div class=\"featured-box \" style=\"\"><div class=\"box-content\" style=\"\">[vc_single_image image=&#8221;424&#8243; img_size=&#8221;full&#8221;][vc_column_text css=&#8221;&#8221;]<strong>\u00c0 vista:<\/strong> R$ 2.200,00<br \/>\n<strong>Parcelado:<\/strong> R$ 2.800,00 (em 4 vezes)[\/vc_column_text]<\/div><\/div><\/div>[\/vc_column][\/vc_row][vc_row css=&#8221;.vc_custom_1658433282276{padding-bottom: 10px !important;background-color: #ffffff !important;}&#8221;][vc_column]\t<style>\r\n\t\t<\/style>\r\n\t<div class=\"porto-content-box featured-boxes wpb_content_element  porto-content-box994392196 featured-boxes-style-1\" data-appear-animation=\"fadeInUp\"><div class=\"featured-box  align-left\" style=\"\"><div class=\"box-content\" style=\"\">[vc_single_image image=&#8221;6833&#8243; img_size=&#8221;561&#215;107&#8243; css=&#8221;&#8221;][vc_basic_grid post_type=&#8221;treinadoresdbt&#8221; max_items=&#8221;-1&#8243; element_width=&#8221;2&#8243; gap=&#8221;15&#8243; orderby=&#8221;menu_order&#8221; order=&#8221;ASC&#8221; item=&#8221;722&#8243; css=&#8221;&#8221; grid_id=&#8221;vc_gid:1773091180451-fe9da368-07be-8&#8243; taxonomies=&#8221;504&#8243; exclude=&#8221;1271, 1259&#8243;]<\/div><\/div><\/div>[\/vc_column][\/vc_row]<\/p>\n<\/div>","protected":false},"excerpt":{"rendered":"<p>[vc_row][vc_column width=&#8221;1\/2&#8243;][\/vc_column][vc_column width=&#8221;1\/2&#8243;][\/vc_column][\/vc_row][vc_row css=&#8221;.vc_custom_1658433282276{padding-bottom: 10px !important;background-color: #ffffff !important;}&#8221;][vc_column][\/vc_column][\/vc_row]<\/p>\n","protected":false},"featured_media":6755,"template":"","meta":{"_acf_changed":false,"_links_to":"","_links_to_target":""},"product_brand":[],"product_cat":[313],"product_tag":[332,505,333,331],"class_list":{"0":"post-6753","1":"product","2":"type-product","3":"status-publish","4":"has-post-thumbnail","6":"product_cat-cursos-e-treinamentos","7":"product_tag-dbt-brasil","8":"product_tag-online","9":"product_tag-transtorno-borderrline","10":"product_tag-treinamento-em-dbt","12":"first","13":"instock","14":"featured","15":"virtual","16":"purchasable","17":"product-type-simple"},"acf":[],"_links":{"self":[{"href":"https:\/\/dbtbrasil.com\/en\/wp-json\/wp\/v2\/product\/6753","targetHints":{"allow":["GET"]}}],"collection":[{"href":"https:\/\/dbtbrasil.com\/en\/wp-json\/wp\/v2\/product"}],"about":[{"href":"https:\/\/dbtbrasil.com\/en\/wp-json\/wp\/v2\/types\/product"}],"wp:featuredmedia":[{"embeddable":true,"href":"https:\/\/dbtbrasil.com\/en\/wp-json\/wp\/v2\/media\/6755"}],"wp:attachment":[{"href":"https:\/\/dbtbrasil.com\/en\/wp-json\/wp\/v2\/media?parent=6753"}],"wp:term":[{"taxonomy":"product_brand","embeddable":true,"href":"https:\/\/dbtbrasil.com\/en\/wp-json\/wp\/v2\/product_brand?post=6753"},{"taxonomy":"product_cat","embeddable":true,"href":"https:\/\/dbtbrasil.com\/en\/wp-json\/wp\/v2\/product_cat?post=6753"},{"taxonomy":"product_tag","embeddable":true,"href":"https:\/\/dbtbrasil.com\/en\/wp-json\/wp\/v2\/product_tag?post=6753"}],"curies":[{"name":"wp","href":"https:\/\/api.w.org\/{rel}","templated":true}]}}