{"id":6768,"date":"2026-02-04T10:28:05","date_gmt":"2026-02-04T13:28:05","guid":{"rendered":"https:\/\/dbtbrasil.com\/?post_type=product&#038;p=6768"},"modified":"2026-03-09T18:06:12","modified_gmt":"2026-03-09T21:06:12","slug":"treinamento-intensivo-em-dbt-2026","status":"publish","type":"product","link":"https:\/\/dbtbrasil.com\/en\/produto\/treinamento-intensivo-em-dbt-2026\/","title":{"rendered":"Treinamento Intensivo em DBT 2026"},"content":{"rendered":"<div class=\"wpb-content-wrapper\"><p>[vc_row][vc_column width=&#8221;1\/2&#8243;]\t<style>\r\n\t\t<\/style>\r\n\t<div class=\"porto-content-box featured-boxes wpb_content_element  porto-content-box980445482 featured-boxes-style-1\" data-appear-animation=\"fadeInUp\"><div class=\"featured-box \" style=\"\"><div class=\"box-content\" style=\"\">[vc_single_image image=&#8221;418&#8243; img_size=&#8221;full&#8221;][vc_column_text css=&#8221;&#8221;]O Treinamento \u200bfoi especialmente desenvolvido para profissionais da \u00e1rea da sa\u00fade mental, psic\u00f3logos e psiquiatras que desejam aprimorar suas habilidades em Terapia Comportamental Dial\u00e9tica (DBT).[\/vc_column_text]<\/div><\/div><\/div>\t<style>\r\n\t\t<\/style>\r\n\t<div class=\"porto-content-box featured-boxes wpb_content_element  porto-content-box142761882 featured-boxes-style-1\" data-appear-animation=\"fadeInUp\"><div class=\"featured-box \" style=\"\"><div class=\"box-content\" style=\"\">[vc_single_image image=&#8221;2913&#8243; img_size=&#8221;full&#8221; css=&#8221;&#8221;][vc_column_text css=&#8221;&#8221;]As inscri\u00e7\u00f5es para o Treinamento Intensivo em DBT s\u00e3o feitas de forma individual, permitindo que cada participante receba acompanhamento personalizado ao longo do processo.<\/p>\n<p>Todos os participantes ser\u00e3o integrados em equipes colaborativas durante o curso. No entanto, caso voc\u00ea j\u00e1 perten\u00e7a a um grupo de trabalho, nos avise no ato de sua inscri\u00e7\u00e3o.[\/vc_column_text]<\/div><\/div><\/div>\t<style>\r\n\t\t<\/style>\r\n\t<div class=\"porto-content-box featured-boxes wpb_content_element  porto-content-box1276394068 featured-boxes-style-1\" data-appear-animation=\"fadeInUp\" data-appear-animation-delay=\"300\"><div class=\"featured-box \" style=\"\"><div class=\"box-content\" style=\"\">[vc_single_image image=&#8221;425&#8243; img_size=&#8221;full&#8221;][vc_column_text css=&#8221;&#8221;]O processo de inscri\u00e7\u00e3o inclui a an\u00e1lise de um question\u00e1rio preenchido pelo candidato no ato da inscri\u00e7\u00e3o. Este question\u00e1rio ajuda a nossa equipe a entender o n\u00edvel de experi\u00eancia e o contexto profissional de cada participante, garantindo que o treinamento atenda \u00e0s necessidades espec\u00edficas de cada um.[\/vc_column_text]<\/div><\/div><\/div>[\/vc_column][vc_column width=&#8221;1\/2&#8243;]\t<style>\r\n\t\t<\/style>\r\n\t<div class=\"porto-content-box featured-boxes wpb_content_element  porto-content-box659429159 featured-boxes-style-1\" data-appear-animation=\"fadeInUp\"><div class=\"featured-box \" style=\"\"><div class=\"box-content\" style=\"\">[vc_single_image image=&#8221;421&#8243; img_size=&#8221;full&#8221; animation_delay=&#8221;300&#8243;][vc_column_text css=&#8221;&#8221;]O formato intensivo e presencial permite uma imers\u00e3o completa na DBT, facilitando a pr\u00e1tica das habilidades e promovendo um ambiente de aprendizado colaborativo. O treinamento acontece em duas sess\u00f5es intensivas de cinco dias cada, onde teoria e pr\u00e1tica s\u00e3o abordadas de forma conjunta, com supervis\u00e3o pr\u00f3xima dos mentores.[\/vc_column_text]<\/div><\/div><\/div>\t<style>\r\n\t\t<\/style>\r\n\t<div class=\"porto-content-box featured-boxes wpb_content_element  porto-content-box1569668721 featured-boxes-style-1\" data-appear-animation=\"fadeInUp\" data-appear-animation-delay=\"300\"><div class=\"featured-box \" style=\"\"><div class=\"box-content\" style=\"\">[vc_single_image image=&#8221;424&#8243; img_size=&#8221;full&#8221;][vc_column_text css=&#8221;&#8221;]<strong>Lote 1<\/strong><br \/>\nR$10.350<br \/>\nAt\u00e9 30\/03<\/p>\n<p><strong>Lote 2<\/strong><br \/>\nR$10.925<br \/>\nAt\u00e9 30\/05<\/p>\n<p><strong>Lote 3<\/strong><br \/>\nR$11.500<br \/>\nAt\u00e9 dia 23\/08<\/p>\n<p>\u2022\u2060 \u2060Descontos n\u00e3o cumulativos.<br \/>\n\u2022\u2060 \u2060S\u00f3cios da ABDBT pagam com 10% de desconto &#8211; ou seja, valor do primeiro lote.<br \/>\n<strong><br \/>\n<\/strong><\/p>\n<p>Este valor refere-se \u00e0s partes I e II do Treinamento Intensivo em DBT. Engloba um total de 10 dias de curso e assist\u00eancia com mentores treinados durante o intervalo entre as partes I e II. O investimento \u00e9 individual, sendo que o valor \u00e9 convertido na cota\u00e7\u00e3o do dia de ades\u00e3o. Pode ser parcelado de acordo com a data de inscri\u00e7\u00e3o, mediante boletos banc\u00e1rios. \u00c9 esperado que os participantes estejam presentes no treinamento em sua totalidade de forma comprometida e disposta. Devido \u00e0 natureza abrangente do treinamento, n\u00e3o h\u00e1 cancelamentos, possibilidade de trancamento ou substitui\u00e7\u00f5es dispon\u00edveis. O valor n\u00e3o \u00e9 reembols\u00e1vel.[\/vc_column_text]<\/div><\/div><\/div>[\/vc_column][\/vc_row][vc_row css=&#8221;.vc_custom_1658433282276{padding-bottom: 10px !important;background-color: #ffffff !important;}&#8221;][vc_column]\t<style>\r\n\t\t<\/style>\r\n\t<div class=\"porto-content-box featured-boxes wpb_content_element  porto-content-box469127671 featured-boxes-style-1\" data-appear-animation=\"fadeInUp\"><div class=\"featured-box  align-left\" style=\"\"><div class=\"box-content\" style=\"\">[vc_single_image image=&#8221;3126&#8243; img_size=&#8221;376&#215;107&#8243; css=&#8221;&#8221; label=&#8221;&#8221;][vc_basic_grid post_type=&#8221;treinadoresdbt&#8221; max_items=&#8221;-1&#8243; element_width=&#8221;2&#8243; gap=&#8221;15&#8243; orderby=&#8221;menu_order&#8221; order=&#8221;ASC&#8221; item=&#8221;722&#8243; css=&#8221;&#8221; grid_id=&#8221;vc_gid:1773090272749-fe36cff3-b84f-5&#8243; taxonomies=&#8221;345&#8243;]<\/div><\/div><\/div>[\/vc_column][\/vc_row][vc_row css=&#8221;.vc_custom_1658433282276{padding-bottom: 10px !important;background-color: #ffffff !important;}&#8221;][vc_column]\t<style>\r\n\t\t<\/style>\r\n\t<div class=\"porto-content-box featured-boxes wpb_content_element  porto-content-box423001469 featured-boxes-style-1\" data-appear-animation=\"fadeInUp\"><div class=\"featured-box  align-left\" style=\"\"><div class=\"box-content\" style=\"\">[vc_single_image image=&#8221;1555&#8243; img_size=&#8221;406&#215;98&#8243; css=&#8221;&#8221; label=&#8221;&#8221;][vc_basic_grid post_type=&#8221;treinadoresdbt&#8221; max_items=&#8221;-1&#8243; element_width=&#8221;2&#8243; gap=&#8221;15&#8243; orderby=&#8221;menu_order&#8221; order=&#8221;ASC&#8221; item=&#8221;722&#8243; css=&#8221;&#8221; grid_id=&#8221;vc_gid:1773090272749-50cba8cd-0a4a-1&#8243; taxonomies=&#8221;80&#8243; exclude=&#8221;1271, 1259&#8243;]<\/div><\/div><\/div>[\/vc_column][\/vc_row]<\/p>\n<\/div>","protected":false},"excerpt":{"rendered":"<p>A forma\u00e7\u00e3o em DBT \u00e9 um treinamento oficial do BTech de Seattle (EUA) e tutelada pela Dra. Marsha Linehan. O formato do curso \u00e9 intensivo e conta com profissionais da unidade americana e mentores treinados que acompanham de perto todo o processo de aprendizagem.<\/p>\n","protected":false},"featured_media":3061,"template":"","meta":{"_acf_changed":false,"_links_to":"","_links_to_target":""},"product_brand":[],"product_cat":[313],"product_tag":[332,333,331],"class_list":{"0":"post-6768","1":"product","2":"type-product","3":"status-publish","4":"has-post-thumbnail","6":"product_cat-cursos-e-treinamentos","7":"product_tag-dbt-brasil","8":"product_tag-transtorno-borderrline","9":"product_tag-treinamento-em-dbt","11":"first","12":"instock","13":"sale","14":"featured","15":"virtual","16":"purchasable","17":"product-type-simple"},"acf":[],"_links":{"self":[{"href":"https:\/\/dbtbrasil.com\/en\/wp-json\/wp\/v2\/product\/6768","targetHints":{"allow":["GET"]}}],"collection":[{"href":"https:\/\/dbtbrasil.com\/en\/wp-json\/wp\/v2\/product"}],"about":[{"href":"https:\/\/dbtbrasil.com\/en\/wp-json\/wp\/v2\/types\/product"}],"wp:featuredmedia":[{"embeddable":true,"href":"https:\/\/dbtbrasil.com\/en\/wp-json\/wp\/v2\/media\/3061"}],"wp:attachment":[{"href":"https:\/\/dbtbrasil.com\/en\/wp-json\/wp\/v2\/media?parent=6768"}],"wp:term":[{"taxonomy":"product_brand","embeddable":true,"href":"https:\/\/dbtbrasil.com\/en\/wp-json\/wp\/v2\/product_brand?post=6768"},{"taxonomy":"product_cat","embeddable":true,"href":"https:\/\/dbtbrasil.com\/en\/wp-json\/wp\/v2\/product_cat?post=6768"},{"taxonomy":"product_tag","embeddable":true,"href":"https:\/\/dbtbrasil.com\/en\/wp-json\/wp\/v2\/product_tag?post=6768"}],"curies":[{"name":"wp","href":"https:\/\/api.w.org\/{rel}","templated":true}]}}